{"id":97,"date":"2019-07-02T06:20:12","date_gmt":"2019-07-02T06:20:12","guid":{"rendered":"https:\/\/manuelmonterowebsite.dreamhosters.com\/about-us\/"},"modified":"2022-03-07T00:29:56","modified_gmt":"2022-03-07T00:29:56","slug":"concerts","status":"publish","type":"page","link":"https:\/\/www.manuel-montero.com\/es\/concerts\/","title":{"rendered":"Conciertos"},"content":{"rendered":"<div data-elementor-type=\"wp-post\" data-elementor-id=\"97\" class=\"elementor elementor-97\">\n\t\t\t\t\t\t<section class=\"elementor-section elementor-top-section elementor-element elementor-element-3d22d2e elementor-section-height-min-height elementor-section-content-middle elementor-section-boxed elementor-section-height-default elementor-section-items-middle\" data-id=\"3d22d2e\" data-element_type=\"section\" data-settings=\"{&quot;background_background&quot;:&quot;classic&quot;}\">\n\t\t\t\t\t\t\t<div class=\"elementor-background-overlay\"><\/div>\n\t\t\t\t\t\t\t<div class=\"elementor-container elementor-column-gap-default\">\n\t\t\t\t\t<div class=\"aux-parallax-section elementor-column elementor-col-100 elementor-top-column elementor-element elementor-element-61b4ebc\" data-id=\"61b4ebc\" data-element_type=\"column\">\n\t\t\t<div class=\"elementor-widget-wrap elementor-element-populated\">\n\t\t\t\t\t\t<div class=\"elementor-element elementor-element-ab8cc9e aux-appear-watch-animation aux-scale-down elementor-widget elementor-widget-aux_modern_heading\" data-id=\"ab8cc9e\" data-element_type=\"widget\" data-widget_type=\"aux_modern_heading.default\">\n\t\t\t\t<div class=\"elementor-widget-container\">\n\t\t\t<section class=\"aux-widget-modern-heading\">\n            <div class=\"aux-widget-inner\"><h2 class=\"aux-modern-heading-primary\">Conciertos<\/h2><\/div>\n        <\/section>\t\t<\/div>\n\t\t\t\t<\/div>\n\t\t\t\t\t<\/div>\n\t\t<\/div>\n\t\t\t\t\t<\/div>\n\t\t<\/section>\n\t\t\t\t<section class=\"elementor-section elementor-top-section elementor-element elementor-element-fd97f8a elementor-section-boxed elementor-section-height-default elementor-section-height-default\" data-id=\"fd97f8a\" data-element_type=\"section\">\n\t\t\t\t\t\t<div class=\"elementor-container elementor-column-gap-default\">\n\t\t\t\t\t<div class=\"aux-parallax-section elementor-column elementor-col-100 elementor-top-column elementor-element elementor-element-1d7724d\" data-id=\"1d7724d\" data-element_type=\"column\">\n\t\t\t<div class=\"elementor-widget-wrap elementor-element-populated\">\n\t\t\t\t\t\t<div class=\"elementor-element elementor-element-0dabf3d elementor-blockquote--skin-quotation elementor-blockquote--align-right aux-appear-watch-animation aux-fade-in-up elementor-blockquote--button-color-official elementor-widget elementor-widget-blockquote\" data-id=\"0dabf3d\" data-element_type=\"widget\" data-widget_type=\"blockquote.default\">\n\t\t\t\t<div class=\"elementor-widget-container\">\n\t\t\t\t\t<blockquote class=\"elementor-blockquote\">\n\t\t\t<p class=\"elementor-blockquote__content\">\n\t\t\t\t\"En Manuel Montero encontramos flamenco, elegancia, limpieza y un gran dominio de la guitarra cl\u00e1sica espa\u00f1ola, este tocaor largo (largu\u00edsimo si se me permite la expresi\u00f3n, pues abarca desde lo jondo hasta el jazz, pasando por Albeniz, la m\u00fasica latinoamericana, m\u00fasica electr\u00f3nica, m\u00fasica cl\u00e1sica, world music) tiene un sentir muy personal que imprime en todos sus temas, puede codearse con los Riqueni, Vicente Amigo, Sanl\u00facar y, aunque ser\u00eda una blasfemia compararlo con el maestro Paco de Luc\u00eda, sus influencias son indudables, especialmente en la rapidez y la elegancia\"\t\t\t<\/p>\n\t\t\t\t\t\t\t<div class=\"e-q-footer\">\n\t\t\t\t\t\t\t\t\t\t\t<cite class=\"elementor-blockquote__author\">www.jondoweb.com<\/cite>\n\t\t\t\t\t\t\t\t\t\t\t\t\t\t<\/div>\n\t\t\t\t\t<\/blockquote>\n\t\t\t\t<\/div>\n\t\t\t\t<\/div>\n\t\t\t\t\t<\/div>\n\t\t<\/div>\n\t\t\t\t\t<\/div>\n\t\t<\/section>\n\t\t\t\t<section class=\"elementor-section elementor-top-section elementor-element elementor-element-45c770d elementor-section-boxed elementor-section-height-default elementor-section-height-default\" data-id=\"45c770d\" data-element_type=\"section\">\n\t\t\t\t\t\t<div class=\"elementor-container elementor-column-gap-default\">\n\t\t\t\t\t<div class=\"aux-parallax-section elementor-column elementor-col-50 elementor-top-column elementor-element elementor-element-d7e628b\" data-id=\"d7e628b\" data-element_type=\"column\">\n\t\t\t<div class=\"elementor-widget-wrap elementor-element-populated\">\n\t\t\t\t\t\t<div class=\"elementor-element elementor-element-640646a aux-appear-watch-animation aux-fade-in-up elementor-widget elementor-widget-heading\" data-id=\"640646a\" data-element_type=\"widget\" data-widget_type=\"heading.default\">\n\t\t\t\t<div class=\"elementor-widget-container\">\n\t\t\t<h3 class=\"elementor-heading-title elementor-size-default\">Requisitos T\u00e9cnicos<\/h3>\t\t<\/div>\n\t\t\t\t<\/div>\n\t\t\t\t\t<\/div>\n\t\t<\/div>\n\t\t\t\t<div class=\"aux-parallax-section elementor-column elementor-col-50 elementor-top-column elementor-element elementor-element-2b8a437\" data-id=\"2b8a437\" data-element_type=\"column\">\n\t\t\t<div class=\"elementor-widget-wrap elementor-element-populated\">\n\t\t\t\t\t\t<section class=\"elementor-section elementor-inner-section elementor-element elementor-element-3412778 elementor-section-boxed elementor-section-height-default elementor-section-height-default\" data-id=\"3412778\" data-element_type=\"section\">\n\t\t\t\t\t\t<div class=\"elementor-container elementor-column-gap-default\">\n\t\t\t\t\t<div class=\"aux-parallax-section elementor-column elementor-col-50 elementor-inner-column elementor-element elementor-element-9010863\" data-id=\"9010863\" data-element_type=\"column\">\n\t\t\t<div class=\"elementor-widget-wrap elementor-element-populated\">\n\t\t\t\t\t\t<div class=\"elementor-element elementor-element-4bcf1a2 aux-appear-watch-animation aux-fade-in-up elementor-widget elementor-widget-aux_button\" data-id=\"4bcf1a2\" data-element_type=\"widget\" data-widget_type=\"aux_button.default\">\n\t\t\t\t<div class=\"elementor-widget-container\">\n\t\t\t<a  href=\"http:\/\/malemm80.wix.com\/manuelmonterotrio\" target=\"_self\"   class=\"aux-button aux-medium aux-carmine-pink aux-none aux-uppercase\" ><span class=\"aux-overlay\"><\/span><span class=\"aux-text\">Dossier<\/span><\/a>\t\t<\/div>\n\t\t\t\t<\/div>\n\t\t\t\t\t<\/div>\n\t\t<\/div>\n\t\t\t\t<div class=\"aux-parallax-section elementor-column elementor-col-50 elementor-inner-column elementor-element elementor-element-bc7a743\" data-id=\"bc7a743\" data-element_type=\"column\">\n\t\t\t<div class=\"elementor-widget-wrap elementor-element-populated\">\n\t\t\t\t\t\t<div class=\"elementor-element elementor-element-3b7646f aux-appear-watch-animation aux-fade-in-up elementor-widget elementor-widget-aux_button\" data-id=\"3b7646f\" data-element_type=\"widget\" data-widget_type=\"aux_button.default\">\n\t\t\t\t<div class=\"elementor-widget-container\">\n\t\t\t<a  href=\"https:\/\/www.manuel-montero.com\/wp-content\/uploads\/2022\/03\/Ryder%20T%c3%a9cnico%20Manuel%20Montero.pdf\" target=\"_self\"   class=\"aux-button aux-medium aux-carmine-pink aux-none aux-uppercase\" ><span class=\"aux-overlay\"><\/span><span class=\"aux-text\">Ryder T\u00e9cnico<\/span><\/a>\t\t<\/div>\n\t\t\t\t<\/div>\n\t\t\t\t\t<\/div>\n\t\t<\/div>\n\t\t\t\t\t<\/div>\n\t\t<\/section>\n\t\t\t\t\t<\/div>\n\t\t<\/div>\n\t\t\t\t\t<\/div>\n\t\t<\/section>\n\t\t\t\t<section class=\"elementor-section elementor-top-section elementor-element elementor-element-8e2383f elementor-section-boxed elementor-section-height-default elementor-section-height-default\" data-id=\"8e2383f\" data-element_type=\"section\">\n\t\t\t\t\t\t<div class=\"elementor-container elementor-column-gap-default\">\n\t\t\t\t\t<div class=\"aux-parallax-section elementor-column elementor-col-100 elementor-top-column elementor-element elementor-element-c76672f\" data-id=\"c76672f\" data-element_type=\"column\">\n\t\t\t<div class=\"elementor-widget-wrap elementor-element-populated\">\n\t\t\t\t\t\t<section class=\"elementor-section elementor-inner-section elementor-element elementor-element-8646bc7 elementor-section-boxed elementor-section-height-default elementor-section-height-default\" data-id=\"8646bc7\" data-element_type=\"section\">\n\t\t\t\t\t\t<div class=\"elementor-container elementor-column-gap-default\">\n\t\t\t\t\t<div class=\"aux-parallax-section elementor-column elementor-col-50 elementor-inner-column elementor-element elementor-element-03268ff\" data-id=\"03268ff\" data-element_type=\"column\">\n\t\t\t<div class=\"elementor-widget-wrap elementor-element-populated\">\n\t\t\t\t\t\t<div class=\"elementor-element elementor-element-0d93f67 elementor-position-top elementor-widget elementor-widget-image-box\" data-id=\"0d93f67\" data-element_type=\"widget\" data-widget_type=\"image-box.default\">\n\t\t\t\t<div class=\"elementor-widget-container\">\n\t\t\t<div class=\"elementor-image-box-wrapper\"><figure class=\"elementor-image-box-img\"><img fetchpriority=\"high\" decoding=\"async\" width=\"1920\" height=\"1080\" src=\"https:\/\/www.manuel-montero.com\/wp-content\/uploads\/2021\/07\/nacional-manuel-solo.png\" class=\"attachment-full size-full wp-image-285\" alt=\"\" srcset=\"https:\/\/www.manuel-montero.com\/wp-content\/uploads\/2021\/07\/nacional-manuel-solo.png 1920w, https:\/\/www.manuel-montero.com\/wp-content\/uploads\/2021\/07\/nacional-manuel-solo-1536x864.png 1536w, https:\/\/www.manuel-montero.com\/wp-content\/uploads\/2021\/07\/nacional-manuel-solo-600x338.png 600w\" \/><\/figure><div class=\"elementor-image-box-content\"><h3 class=\"elementor-image-box-title\">Solo<\/h3><p class=\"elementor-image-box-description\">Concierto de Guitarra Sola<\/p><\/div><\/div>\t\t<\/div>\n\t\t\t\t<\/div>\n\t\t\t\t\t<\/div>\n\t\t<\/div>\n\t\t\t\t<div class=\"aux-parallax-section elementor-column elementor-col-50 elementor-inner-column elementor-element elementor-element-3827337\" data-id=\"3827337\" data-element_type=\"column\">\n\t\t\t<div class=\"elementor-widget-wrap elementor-element-populated\">\n\t\t\t\t\t\t<div class=\"elementor-element elementor-element-9c624ce elementor-position-top elementor-widget elementor-widget-image-box\" data-id=\"9c624ce\" data-element_type=\"widget\" data-widget_type=\"image-box.default\">\n\t\t\t\t<div class=\"elementor-widget-container\">\n\t\t\t<div class=\"elementor-image-box-wrapper\"><figure class=\"elementor-image-box-img\"><img decoding=\"async\" width=\"1920\" height=\"1080\" src=\"https:\/\/www.manuel-montero.com\/wp-content\/uploads\/2021\/07\/Sin-ttulo-3.png\" class=\"attachment-full size-full wp-image-286\" alt=\"\" srcset=\"https:\/\/www.manuel-montero.com\/wp-content\/uploads\/2021\/07\/Sin-ttulo-3.png 1920w, https:\/\/www.manuel-montero.com\/wp-content\/uploads\/2021\/07\/Sin-ttulo-3-1536x864.png 1536w, https:\/\/www.manuel-montero.com\/wp-content\/uploads\/2021\/07\/Sin-ttulo-3-600x338.png 600w\" \/><\/figure><div class=\"elementor-image-box-content\"><h3 class=\"elementor-image-box-title\">D\u00fao<\/h3><p class=\"elementor-image-box-description\">Guitarra y Percusi\u00f3n<\/p><\/div><\/div>\t\t<\/div>\n\t\t\t\t<\/div>\n\t\t\t\t\t<\/div>\n\t\t<\/div>\n\t\t\t\t\t<\/div>\n\t\t<\/section>\n\t\t\t\t<section class=\"elementor-section elementor-inner-section elementor-element elementor-element-f062f16 elementor-section-boxed elementor-section-height-default elementor-section-height-default\" data-id=\"f062f16\" data-element_type=\"section\">\n\t\t\t\t\t\t<div class=\"elementor-container elementor-column-gap-default\">\n\t\t\t\t\t<div class=\"aux-parallax-section elementor-column elementor-col-50 elementor-inner-column elementor-element elementor-element-f96eca8\" data-id=\"f96eca8\" data-element_type=\"column\">\n\t\t\t<div class=\"elementor-widget-wrap elementor-element-populated\">\n\t\t\t\t\t\t<div class=\"elementor-element elementor-element-135e5df elementor-position-top elementor-widget elementor-widget-image-box\" data-id=\"135e5df\" data-element_type=\"widget\" data-widget_type=\"image-box.default\">\n\t\t\t\t<div class=\"elementor-widget-container\">\n\t\t\t<div class=\"elementor-image-box-wrapper\"><figure class=\"elementor-image-box-img\"><img decoding=\"async\" width=\"1920\" height=\"1080\" src=\"https:\/\/www.manuel-montero.com\/wp-content\/uploads\/2021\/07\/Manuel-Montero-Trio.png\" class=\"attachment-full size-full wp-image-301\" alt=\"\" srcset=\"https:\/\/www.manuel-montero.com\/wp-content\/uploads\/2021\/07\/Manuel-Montero-Trio.png 1920w, https:\/\/www.manuel-montero.com\/wp-content\/uploads\/2021\/07\/Manuel-Montero-Trio-1536x864.png 1536w, https:\/\/www.manuel-montero.com\/wp-content\/uploads\/2021\/07\/Manuel-Montero-Trio-600x338.png 600w\" \/><\/figure><div class=\"elementor-image-box-content\"><h3 class=\"elementor-image-box-title\">Tr\u00edo<\/h3><p class=\"elementor-image-box-description\">Guitarra, Percusi\u00f3n y Cante<\/p><\/div><\/div>\t\t<\/div>\n\t\t\t\t<\/div>\n\t\t\t\t\t<\/div>\n\t\t<\/div>\n\t\t\t\t<div class=\"aux-parallax-section elementor-column elementor-col-50 elementor-inner-column elementor-element elementor-element-250f925\" data-id=\"250f925\" data-element_type=\"column\">\n\t\t\t<div class=\"elementor-widget-wrap elementor-element-populated\">\n\t\t\t\t\t\t<div class=\"elementor-element elementor-element-c930a55 elementor-position-top elementor-widget elementor-widget-image-box\" data-id=\"c930a55\" data-element_type=\"widget\" data-widget_type=\"image-box.default\">\n\t\t\t\t<div class=\"elementor-widget-container\">\n\t\t\t<div class=\"elementor-image-box-wrapper\"><figure class=\"elementor-image-box-img\"><img loading=\"lazy\" decoding=\"async\" width=\"1920\" height=\"1080\" src=\"https:\/\/www.manuel-montero.com\/wp-content\/uploads\/2021\/07\/nacional-cris.png\" class=\"attachment-full size-full wp-image-287\" alt=\"\" srcset=\"https:\/\/www.manuel-montero.com\/wp-content\/uploads\/2021\/07\/nacional-cris.png 1920w, https:\/\/www.manuel-montero.com\/wp-content\/uploads\/2021\/07\/nacional-cris-1536x864.png 1536w, https:\/\/www.manuel-montero.com\/wp-content\/uploads\/2021\/07\/nacional-cris-600x338.png 600w\" \/><\/figure><div class=\"elementor-image-box-content\"><h3 class=\"elementor-image-box-title\">Cuarteto<\/h3><p class=\"elementor-image-box-description\">Guitarra, Percusi\u00f3n, Cante y Baile<\/p><\/div><\/div>\t\t<\/div>\n\t\t\t\t<\/div>\n\t\t\t\t\t<\/div>\n\t\t<\/div>\n\t\t\t\t\t<\/div>\n\t\t<\/section>\n\t\t\t\t<div class=\"elementor-element elementor-element-a9a0764 elementor-position-top elementor-widget elementor-widget-image-box\" data-id=\"a9a0764\" data-element_type=\"widget\" data-widget_type=\"image-box.default\">\n\t\t\t\t<div class=\"elementor-widget-container\">\n\t\t\t<div class=\"elementor-image-box-wrapper\"><figure class=\"elementor-image-box-img\"><img loading=\"lazy\" decoding=\"async\" width=\"960\" height=\"638\" src=\"https:\/\/www.manuel-montero.com\/wp-content\/uploads\/2021\/07\/cuarteto.jpg\" class=\"attachment-full size-full wp-image-288\" alt=\"\" srcset=\"https:\/\/www.manuel-montero.com\/wp-content\/uploads\/2021\/07\/cuarteto.jpg 960w, https:\/\/www.manuel-montero.com\/wp-content\/uploads\/2021\/07\/cuarteto-600x399.jpg 600w\" \/><\/figure><div class=\"elementor-image-box-content\"><h3 class=\"elementor-image-box-title\">Quinteto<\/h3><p class=\"elementor-image-box-description\">Guitarra, Segunda Guitarra, Percusi\u00f3n, Cante y Baile<\/p><\/div><\/div>\t\t<\/div>\n\t\t\t\t<\/div>\n\t\t\t\t\t<\/div>\n\t\t<\/div>\n\t\t\t\t\t<\/div>\n\t\t<\/section>\n\t\t\t\t<section class=\"elementor-section elementor-top-section elementor-element elementor-element-69314bd elementor-section-boxed elementor-section-height-default elementor-section-height-default\" data-id=\"69314bd\" data-element_type=\"section\">\n\t\t\t\t\t\t<div class=\"elementor-container elementor-column-gap-no\">\n\t\t\t\t\t<div class=\"aux-parallax-section elementor-column elementor-col-100 elementor-top-column elementor-element elementor-element-d14bbbb\" data-id=\"d14bbbb\" data-element_type=\"column\">\n\t\t\t<div class=\"elementor-widget-wrap elementor-element-populated\">\n\t\t\t\t\t\t<div class=\"elementor-element elementor-element-55dfbcf elementor-hidden-tablet elementor-hidden-phone elementor-widget elementor-widget-spacer\" data-id=\"55dfbcf\" data-element_type=\"widget\" data-widget_type=\"spacer.default\">\n\t\t\t\t<div class=\"elementor-widget-container\">\n\t\t\t\t\t<div class=\"elementor-spacer\">\n\t\t\t<div class=\"elementor-spacer-inner\"><\/div>\n\t\t<\/div>\n\t\t\t\t<\/div>\n\t\t\t\t<\/div>\n\t\t\t\t<div class=\"elementor-element elementor-element-37e5726 aux-appear-watch-animation aux-fade-in-up elementor-widget elementor-widget-aux_modern_heading\" data-id=\"37e5726\" data-element_type=\"widget\" data-widget_type=\"aux_modern_heading.default\">\n\t\t\t\t<div class=\"elementor-widget-container\">\n\t\t\t<section class=\"aux-widget-modern-heading\">\n            <div class=\"aux-widget-inner\"><h5 class=\"aux-modern-heading-primary\">Las modalidades de grupo se adaptan a los requisitos del contrato<\/h5><\/div>\n        <\/section>\t\t<\/div>\n\t\t\t\t<\/div>\n\t\t\t\t<div class=\"elementor-element elementor-element-7c47955 elementor-widget elementor-widget-image\" data-id=\"7c47955\" data-element_type=\"widget\" data-widget_type=\"image.default\">\n\t\t\t\t<div class=\"elementor-widget-container\">\n\t\t\t\t\t\t\t\t\t\t\t\t\t<img loading=\"lazy\" decoding=\"async\" width=\"1024\" height=\"350\" src=\"https:\/\/www.manuel-montero.com\/wp-content\/uploads\/2021\/07\/pie-de-pgina-2-1024x350.png\" class=\"attachment-large size-large wp-image-293\" alt=\"\" \/>\t\t\t\t\t\t\t\t\t\t\t\t\t<\/div>\n\t\t\t\t<\/div>\n\t\t\t\t\t<\/div>\n\t\t<\/div>\n\t\t\t\t\t<\/div>\n\t\t<\/section>\n\t\t\t\t<\/div>","protected":false},"excerpt":{"rendered":"<p>Concerts &#8221;In Manuel Montero, we find flamenco, elegance a remarkable technique and a total mastery of the classic Spanish guitar, allowing him to be perfectly compared with Sanl\u00facar, Riqueni, Vicente Amigo, and, even if it could be thought as blasphemy to compare him with the greatest maestro Paco de Luc\u00eda, his influences are undoubted, especially [&hellip;]<\/p>\n","protected":false},"author":1,"featured_media":0,"parent":0,"menu_order":0,"comment_status":"closed","ping_status":"closed","template":"","meta":{"pmpro_default_level":"","footnotes":""},"class_list":["post-97","page","type-page","status-publish","hentry","pmpro-has-access"],"_links":{"self":[{"href":"https:\/\/www.manuel-montero.com\/es\/wp-json\/wp\/v2\/pages\/97","targetHints":{"allow":["GET"]}}],"collection":[{"href":"https:\/\/www.manuel-montero.com\/es\/wp-json\/wp\/v2\/pages"}],"about":[{"href":"https:\/\/www.manuel-montero.com\/es\/wp-json\/wp\/v2\/types\/page"}],"author":[{"embeddable":true,"href":"https:\/\/www.manuel-montero.com\/es\/wp-json\/wp\/v2\/users\/1"}],"replies":[{"embeddable":true,"href":"https:\/\/www.manuel-montero.com\/es\/wp-json\/wp\/v2\/comments?post=97"}],"version-history":[{"count":10,"href":"https:\/\/www.manuel-montero.com\/es\/wp-json\/wp\/v2\/pages\/97\/revisions"}],"predecessor-version":[{"id":1152,"href":"https:\/\/www.manuel-montero.com\/es\/wp-json\/wp\/v2\/pages\/97\/revisions\/1152"}],"wp:attachment":[{"href":"https:\/\/www.manuel-montero.com\/es\/wp-json\/wp\/v2\/media?parent=97"}],"curies":[{"name":"wp","href":"https:\/\/api.w.org\/{rel}","templated":true}]}}