{"id":626,"date":"2021-07-15T17:55:34","date_gmt":"2021-07-15T17:55:34","guid":{"rendered":"https:\/\/manuelmonterowebsite.dreamhosters.com\/?page_id=626"},"modified":"2022-09-23T03:36:24","modified_gmt":"2022-09-23T03:36:24","slug":"confluencia-cd","status":"publish","type":"page","link":"https:\/\/www.manuel-montero.com\/es\/confluencia-cd\/","title":{"rendered":"&#8220;Confluencia&#8221; CD"},"content":{"rendered":"<div data-elementor-type=\"wp-page\" data-elementor-id=\"626\" class=\"elementor elementor-626\">\n\t\t\t\t\t\t<section class=\"elementor-section elementor-top-section elementor-element elementor-element-7483be7 elementor-section-stretched elementor-section-boxed elementor-section-height-default elementor-section-height-default\" data-id=\"7483be7\" data-element_type=\"section\" data-settings=\"{&quot;stretch_section&quot;:&quot;section-stretched&quot;}\">\n\t\t\t\t\t\t<div class=\"elementor-container elementor-column-gap-default\">\n\t\t\t\t\t<div class=\"aux-parallax-section elementor-column elementor-col-100 elementor-top-column elementor-element elementor-element-ad8deb0\" data-id=\"ad8deb0\" data-element_type=\"column\">\n\t\t\t<div class=\"elementor-widget-wrap elementor-element-populated\">\n\t\t\t\t\t\t<section class=\"elementor-section elementor-inner-section elementor-element elementor-element-1054919 elementor-section-boxed elementor-section-height-default elementor-section-height-default\" data-id=\"1054919\" data-element_type=\"section\">\n\t\t\t\t\t\t<div class=\"elementor-container elementor-column-gap-default\">\n\t\t\t\t\t<div class=\"aux-parallax-section elementor-column elementor-col-50 elementor-inner-column elementor-element elementor-element-9ab9c44\" data-id=\"9ab9c44\" data-element_type=\"column\">\n\t\t\t<div class=\"elementor-widget-wrap elementor-element-populated\">\n\t\t\t\t\t\t<div class=\"elementor-element elementor-element-42fffb26 elementor-widget__width-auto aux-appear-watch-animation aux-fade-in-up-2 elementor-widget elementor-widget-aux_modern_heading\" data-id=\"42fffb26\" data-element_type=\"widget\" data-widget_type=\"aux_modern_heading.default\">\n\t\t\t\t<div class=\"elementor-widget-container\">\n\t\t\t<section class=\"aux-widget-modern-heading\">\n            <div class=\"aux-widget-inner\"><h2 class=\"aux-modern-heading-primary\">\"Confluencia\" CD<\/h2><\/div>\n        <\/section>\t\t<\/div>\n\t\t\t\t<\/div>\n\t\t\t\t\t<\/div>\n\t\t<\/div>\n\t\t\t\t<div class=\"aux-parallax-section elementor-column elementor-col-50 elementor-inner-column elementor-element elementor-element-3bdfc36\" data-id=\"3bdfc36\" data-element_type=\"column\">\n\t\t\t<div class=\"elementor-widget-wrap elementor-element-populated\">\n\t\t\t\t\t\t<div class=\"elementor-element elementor-element-8bed501 elementor-widget elementor-widget-image\" data-id=\"8bed501\" data-element_type=\"widget\" data-widget_type=\"image.default\">\n\t\t\t\t<div class=\"elementor-widget-container\">\n\t\t\t\t\t\t\t\t\t\t\t\t\t<img fetchpriority=\"high\" decoding=\"async\" width=\"669\" height=\"600\" src=\"https:\/\/www.manuel-montero.com\/wp-content\/uploads\/2021\/07\/portada-Copy.jpg\" class=\"attachment-medium_large size-medium_large wp-image-632\" alt=\"\" srcset=\"https:\/\/www.manuel-montero.com\/wp-content\/uploads\/2021\/07\/portada-Copy.jpg 669w, https:\/\/www.manuel-montero.com\/wp-content\/uploads\/2021\/07\/portada-Copy-600x538.jpg 600w\" sizes=\"(max-width: 669px) 100vw, 669px\" \/>\t\t\t\t\t\t\t\t\t\t\t\t\t<\/div>\n\t\t\t\t<\/div>\n\t\t\t\t\t<\/div>\n\t\t<\/div>\n\t\t\t\t\t<\/div>\n\t\t<\/section>\n\t\t\t\t\t<\/div>\n\t\t<\/div>\n\t\t\t\t\t<\/div>\n\t\t<\/section>\n\t\t\t\t<section class=\"elementor-section elementor-top-section elementor-element elementor-element-425228e6 elementor-section-stretched elementor-section-full_width elementor-section-height-default elementor-section-height-default\" data-id=\"425228e6\" data-element_type=\"section\" data-settings=\"{&quot;stretch_section&quot;:&quot;section-stretched&quot;}\">\n\t\t\t\t\t\t<div class=\"elementor-container elementor-column-gap-default\">\n\t\t\t\t\t<div class=\"aux-parallax-section elementor-column elementor-col-100 elementor-top-column elementor-element elementor-element-226f3a96\" data-id=\"226f3a96\" data-element_type=\"column\">\n\t\t\t<div class=\"elementor-widget-wrap elementor-element-populated\">\n\t\t\t\t\t\t<div class=\"elementor-element elementor-element-fa61eeb elementor-widget elementor-widget-aux_button\" data-id=\"fa61eeb\" data-element_type=\"widget\" data-widget_type=\"aux_button.default\">\n\t\t\t\t<div class=\"elementor-widget-container\">\n\t\t\t<a  href=\"https:\/\/manuelmonterowebsite.dreamhosters.com\/store\/\" target=\"_self\"   class=\"aux-button aux-medium aux-carmine-pink aux-none aux-uppercase\" ><span class=\"aux-overlay\"><\/span><span class=\"aux-text\">Comprar el CD Aqu\u00ed<\/span><\/a>\t\t<\/div>\n\t\t\t\t<\/div>\n\t\t\t\t<div class=\"elementor-element elementor-element-365d4ed9 elementor-blockquote--skin-quotation aux-appear-watch-animation aux-fade-in-up elementor-blockquote--button-color-official elementor-widget elementor-widget-blockquote\" data-id=\"365d4ed9\" data-element_type=\"widget\" data-widget_type=\"blockquote.default\">\n\t\t\t\t<div class=\"elementor-widget-container\">\n\t\t\t\t\t<blockquote class=\"elementor-blockquote\">\n\t\t\t<p class=\"elementor-blockquote__content\">\n\t\t\t\t\"De nuevo nos llegan grandes noticias de este tremendo guitarrista costarricense.\u00a0 M\u00fasico en el que confluyen, y no s\u00f3lo en este disco bautizado como tal, la t\u00e9cnica, la formaci\u00f3n m\u00e1s all\u00e1 de la guitarra flamenca, el af\u00e1n creativo, un notabil\u00edsimo esp\u00edritu pedag\u00f3gico y todas las capacidades para ser alguien en la guitarra. Aunque sobrevuela, sobre todo, una virtud camale\u00f3nica de sonar a cada tierra que respira con su toque. La guitarra de Manuel Montero no es apta para mentes cuadriculadas en lo estil\u00edstico, geogr\u00e1fico o acad\u00e9mico. Porque su sonanta nos anuncia y exige lo que tendr\u00e1n que dominar los tocaores del presente y del futuro para poder ser considerados como tal.\"\n<br><br>\n\"Si siendo de tu pueblo eras universal, como dijo un d\u00eda Machado, en el caso de Manuel Montero nos encontramos un guitarrista del Mundo que, por momentos, parece sin duda de Jerez, o de Salvador de Bah\u00eda, o m\u00e1s bien porte\u00f1o o, claro, de Costa Rica. Lo que \u00e9l quiera. Est\u00e1 \"pasao\" de soniquete, comp\u00e1s y aire. Manuel es un refresco para la guitarra flamenca, garant\u00eda de continuidad y un claro ejemplo de que la esperanza est\u00e1 muchas veces m\u00e1s fuera que dentro de las fronteras que delimitan unos cuantos cancerberos del arte jondo.\nYa lo sab\u00edamos, pero ahora no nos cabe duda de que Costa Rica sabe, huele y suena bien\"\"\t\t\t<\/p>\n\t\t\t\t\t\t\t<div class=\"e-q-footer\">\n\t\t\t\t\t\t\t\t\t\t\t<cite class=\"elementor-blockquote__author\">Pablo San Nicasio Ramos<\/cite>\n\t\t\t\t\t\t\t\t\t\t\t\t\t\t<\/div>\n\t\t\t\t\t<\/blockquote>\n\t\t\t\t<\/div>\n\t\t\t\t<\/div>\n\t\t\t\t<div class=\"elementor-element elementor-element-d922f9f elementor-blockquote--skin-quotation aux-appear-watch-animation aux-fade-in-up elementor-blockquote--button-color-official elementor-widget elementor-widget-blockquote\" data-id=\"d922f9f\" data-element_type=\"widget\" data-widget_type=\"blockquote.default\">\n\t\t\t\t<div class=\"elementor-widget-container\">\n\t\t\t\t\t<blockquote class=\"elementor-blockquote\">\n\t\t\t<p class=\"elementor-blockquote__content\">\n\t\t\t\t\"En este nuevo trabajo de Manuel Montero, observamos desde el principio los gustos est\u00e9ticos, musicales y casi espirituales de este, ya maduro, guitarrista.\"<br><br>\n\"Como su t\u00edtulo indica, sin rubor y con valent\u00eda, en el confluyen diferentes formas y estructuras musicales que le apasionan y nos las plantea, de forma ya natural. Su pulso crece, el legato ya da coherencia a su sonido y la confianza en sus piezas le da una rotundidad que lo posiciona como un gran concertista de guitarra flamenca.\nPara m\u00ed, que lo he visto crecer d\u00eda a d\u00eda, es un enorme placer poder decir que Manuel Montero empieza a escribir p\u00e1ginas de oro en la guitarra flamenca.\nSolo d\u00e9jense llevar por \u201cCONFLUENCIA\u201d\u2026 un gran trabajo.\"\t\t\t<\/p>\n\t\t\t\t\t\t\t<div class=\"e-q-footer\">\n\t\t\t\t\t\t\t\t\t\t\t<cite class=\"elementor-blockquote__author\">Jose Antonio Rodriguez<\/cite>\n\t\t\t\t\t\t\t\t\t\t\t\t\t\t<\/div>\n\t\t\t\t\t<\/blockquote>\n\t\t\t\t<\/div>\n\t\t\t\t<\/div>\n\t\t\t\t\t<\/div>\n\t\t<\/div>\n\t\t\t\t\t<\/div>\n\t\t<\/section>\n\t\t\t\t<section class=\"elementor-section elementor-top-section elementor-element elementor-element-5baa2732 elementor-section-stretched elementor-section-boxed elementor-section-height-default elementor-section-height-default\" data-id=\"5baa2732\" data-element_type=\"section\" data-settings=\"{&quot;stretch_section&quot;:&quot;section-stretched&quot;}\">\n\t\t\t\t\t\t<div class=\"elementor-container elementor-column-gap-default\">\n\t\t\t\t\t<div class=\"aux-parallax-section elementor-column elementor-col-100 elementor-top-column elementor-element elementor-element-ab8aeb8\" data-id=\"ab8aeb8\" data-element_type=\"column\">\n\t\t\t<div class=\"elementor-widget-wrap elementor-element-populated\">\n\t\t\t\t\t\t<div class=\"elementor-element elementor-element-f436676 elementor-hidden-phone elementor-widget elementor-widget-spacer\" data-id=\"f436676\" data-element_type=\"widget\" data-widget_type=\"spacer.default\">\n\t\t\t\t<div class=\"elementor-widget-container\">\n\t\t\t\t\t<div class=\"elementor-spacer\">\n\t\t\t<div class=\"elementor-spacer-inner\"><\/div>\n\t\t<\/div>\n\t\t\t\t<\/div>\n\t\t\t\t<\/div>\n\t\t\t\t<div class=\"elementor-element elementor-element-0f821da elementor-widget elementor-widget-heading\" data-id=\"0f821da\" data-element_type=\"widget\" data-widget_type=\"heading.default\">\n\t\t\t\t<div class=\"elementor-widget-container\">\n\t\t\t<h2 class=\"elementor-heading-title elementor-size-default\">Libreto<\/h2>\t\t<\/div>\n\t\t\t\t<\/div>\n\t\t\t\t<div class=\"elementor-element elementor-element-92043a2 elementor-widget elementor-widget-gallery\" data-id=\"92043a2\" data-element_type=\"widget\" data-settings=\"{&quot;gallery_layout&quot;:&quot;masonry&quot;,&quot;columns&quot;:2,&quot;lazyload&quot;:&quot;yes&quot;,&quot;columns_tablet&quot;:2,&quot;columns_mobile&quot;:1,&quot;gap&quot;:{&quot;unit&quot;:&quot;px&quot;,&quot;size&quot;:10,&quot;sizes&quot;:[]},&quot;gap_tablet&quot;:{&quot;unit&quot;:&quot;px&quot;,&quot;size&quot;:10,&quot;sizes&quot;:[]},&quot;gap_mobile&quot;:{&quot;unit&quot;:&quot;px&quot;,&quot;size&quot;:10,&quot;sizes&quot;:[]},&quot;link_to&quot;:&quot;file&quot;,&quot;overlay_background&quot;:&quot;yes&quot;,&quot;content_hover_animation&quot;:&quot;fade-in&quot;}\" data-widget_type=\"gallery.default\">\n\t\t\t\t<div class=\"elementor-widget-container\">\n\t\t\t\t\t<div class=\"elementor-gallery__container\">\n\t\t\t\t\t\t\t<a class=\"e-gallery-item elementor-gallery-item elementor-animated-content\" href=\"https:\/\/www.manuel-montero.com\/wp-content\/uploads\/2021\/07\/portada-Copy-1.jpg\" data-elementor-open-lightbox=\"yes\" data-elementor-lightbox-slideshow=\"all-92043a2\" data-elementor-lightbox-title=\"6A TRODIG4PAG.fh11\" data-e-action-hash=\"#elementor-action%3Aaction%3Dlightbox%26settings%3DeyJpZCI6NjMzLCJ1cmwiOiJodHRwczpcL1wvd3d3Lm1hbnVlbC1tb250ZXJvLmNvbVwvd3AtY29udGVudFwvdXBsb2Fkc1wvMjAyMVwvMDdcL3BvcnRhZGEtQ29weS0xLmpwZyIsInNsaWRlc2hvdyI6ImFsbC05MjA0M2EyIn0%3D\">\n\t\t\t\t\t<div class=\"e-gallery-image elementor-gallery-item__image\" data-thumbnail=\"https:\/\/www.manuel-montero.com\/wp-content\/uploads\/2021\/07\/portada-Copy-1.jpg\" data-width=\"669\" data-height=\"600\" aria-label=\"\" role=\"img\" ><\/div>\n\t\t\t\t\t\t\t\t\t\t\t<div class=\"elementor-gallery-item__overlay\"><\/div>\n\t\t\t\t\t\t\t\t\t\t\t\t\t\t<\/a>\n\t\t\t\t\t\t\t<a class=\"e-gallery-item elementor-gallery-item elementor-animated-content\" href=\"https:\/\/www.manuel-montero.com\/wp-content\/uploads\/2021\/07\/contra-Copy.jpg\" data-elementor-open-lightbox=\"yes\" data-elementor-lightbox-slideshow=\"all-92043a2\" data-elementor-lightbox-title=\"6A TRODIG4PAG.fh11\" data-e-action-hash=\"#elementor-action%3Aaction%3Dlightbox%26settings%3DeyJpZCI6NjM0LCJ1cmwiOiJodHRwczpcL1wvd3d3Lm1hbnVlbC1tb250ZXJvLmNvbVwvd3AtY29udGVudFwvdXBsb2Fkc1wvMjAyMVwvMDdcL2NvbnRyYS1Db3B5LmpwZyIsInNsaWRlc2hvdyI6ImFsbC05MjA0M2EyIn0%3D\">\n\t\t\t\t\t<div class=\"e-gallery-image elementor-gallery-item__image\" data-thumbnail=\"https:\/\/www.manuel-montero.com\/wp-content\/uploads\/2021\/07\/contra-Copy.jpg\" data-width=\"669\" data-height=\"600\" aria-label=\"\" role=\"img\" ><\/div>\n\t\t\t\t\t\t\t\t\t\t\t<div class=\"elementor-gallery-item__overlay\"><\/div>\n\t\t\t\t\t\t\t\t\t\t\t\t\t\t<\/a>\n\t\t\t\t\t\t\t<a class=\"e-gallery-item elementor-gallery-item elementor-animated-content\" href=\"https:\/\/www.manuel-montero.com\/wp-content\/uploads\/2021\/07\/pag-1-Copy.jpg\" data-elementor-open-lightbox=\"yes\" data-elementor-lightbox-slideshow=\"all-92043a2\" data-elementor-lightbox-title=\"6A TRODIG4PAG.fh11\" data-e-action-hash=\"#elementor-action%3Aaction%3Dlightbox%26settings%3DeyJpZCI6NjM1LCJ1cmwiOiJodHRwczpcL1wvd3d3Lm1hbnVlbC1tb250ZXJvLmNvbVwvd3AtY29udGVudFwvdXBsb2Fkc1wvMjAyMVwvMDdcL3BhZy0xLUNvcHkuanBnIiwic2xpZGVzaG93IjoiYWxsLTkyMDQzYTIifQ%3D%3D\">\n\t\t\t\t\t<div class=\"e-gallery-image elementor-gallery-item__image\" data-thumbnail=\"https:\/\/www.manuel-montero.com\/wp-content\/uploads\/2021\/07\/pag-1-Copy.jpg\" data-width=\"664\" data-height=\"600\" aria-label=\"\" role=\"img\" ><\/div>\n\t\t\t\t\t\t\t\t\t\t\t<div class=\"elementor-gallery-item__overlay\"><\/div>\n\t\t\t\t\t\t\t\t\t\t\t\t\t\t<\/a>\n\t\t\t\t\t\t\t<a class=\"e-gallery-item elementor-gallery-item elementor-animated-content\" href=\"https:\/\/www.manuel-montero.com\/wp-content\/uploads\/2021\/07\/pag-2.jpg\" data-elementor-open-lightbox=\"yes\" data-elementor-lightbox-slideshow=\"all-92043a2\" data-elementor-lightbox-title=\"6A TRODIG4PAG.fh11\" data-e-action-hash=\"#elementor-action%3Aaction%3Dlightbox%26settings%3DeyJpZCI6NjM2LCJ1cmwiOiJodHRwczpcL1wvd3d3Lm1hbnVlbC1tb250ZXJvLmNvbVwvd3AtY29udGVudFwvdXBsb2Fkc1wvMjAyMVwvMDdcL3BhZy0yLmpwZyIsInNsaWRlc2hvdyI6ImFsbC05MjA0M2EyIn0%3D\">\n\t\t\t\t\t<div class=\"e-gallery-image elementor-gallery-item__image\" data-thumbnail=\"https:\/\/www.manuel-montero.com\/wp-content\/uploads\/2021\/07\/pag-2.jpg\" data-width=\"687\" data-height=\"600\" aria-label=\"\" role=\"img\" ><\/div>\n\t\t\t\t\t\t\t\t\t\t\t<div class=\"elementor-gallery-item__overlay\"><\/div>\n\t\t\t\t\t\t\t\t\t\t\t\t\t\t<\/a>\n\t\t\t\t\t\t\t<a class=\"e-gallery-item elementor-gallery-item elementor-animated-content\" href=\"https:\/\/www.manuel-montero.com\/wp-content\/uploads\/2021\/07\/CD.jpg\" data-elementor-open-lightbox=\"yes\" data-elementor-lightbox-slideshow=\"all-92043a2\" data-elementor-lightbox-title=\"CD\" data-e-action-hash=\"#elementor-action%3Aaction%3Dlightbox%26settings%3DeyJpZCI6NjM3LCJ1cmwiOiJodHRwczpcL1wvd3d3Lm1hbnVlbC1tb250ZXJvLmNvbVwvd3AtY29udGVudFwvdXBsb2Fkc1wvMjAyMVwvMDdcL0NELmpwZyIsInNsaWRlc2hvdyI6ImFsbC05MjA0M2EyIn0%3D\">\n\t\t\t\t\t<div class=\"e-gallery-image elementor-gallery-item__image\" data-thumbnail=\"https:\/\/www.manuel-montero.com\/wp-content\/uploads\/2021\/07\/CD.jpg\" data-width=\"624\" data-height=\"600\" aria-label=\"\" role=\"img\" ><\/div>\n\t\t\t\t\t\t\t\t\t\t\t<div class=\"elementor-gallery-item__overlay\"><\/div>\n\t\t\t\t\t\t\t\t\t\t\t\t\t\t<\/a>\n\t\t\t\t\t<\/div>\n\t\t\t<\/div>\n\t\t\t\t<\/div>\n\t\t\t\t\t<\/div>\n\t\t<\/div>\n\t\t\t\t\t<\/div>\n\t\t<\/section>\n\t\t\t\t<section class=\"elementor-section elementor-top-section elementor-element elementor-element-3b698bca elementor-section-stretched elementor-section-boxed elementor-section-height-default elementor-section-height-default\" data-id=\"3b698bca\" data-element_type=\"section\" data-settings=\"{&quot;stretch_section&quot;:&quot;section-stretched&quot;}\">\n\t\t\t\t\t\t<div class=\"elementor-container elementor-column-gap-default\">\n\t\t\t\t\t<div class=\"aux-parallax-section elementor-column elementor-col-100 elementor-top-column elementor-element elementor-element-50eda4cb\" data-id=\"50eda4cb\" data-element_type=\"column\">\n\t\t\t<div class=\"elementor-widget-wrap elementor-element-populated\">\n\t\t\t\t\t\t<div class=\"elementor-element elementor-element-57612a36 elementor-widget elementor-widget-aux_button\" data-id=\"57612a36\" data-element_type=\"widget\" data-widget_type=\"aux_button.default\">\n\t\t\t\t<div class=\"elementor-widget-container\">\n\t\t\t<a  href=\"https:\/\/manuelmonterowebsite.dreamhosters.com\/store\/\" target=\"_self\"   class=\"aux-button aux-large aux-carmine-pink aux-none aux-outline aux-uppercase\" ><span class=\"aux-overlay\"><\/span><span class=\"aux-text\">Comprar el CD Aqu\u00ed<\/span><\/a>\t\t<\/div>\n\t\t\t\t<\/div>\n\t\t\t\t<div class=\"elementor-element elementor-element-f7aaa8e elementor-widget elementor-widget-heading\" data-id=\"f7aaa8e\" data-element_type=\"widget\" data-widget_type=\"heading.default\">\n\t\t\t\t<div class=\"elementor-widget-container\">\n\t\t\t<h2 class=\"elementor-heading-title elementor-size-default\">Cr\u00e9ditos<\/h2>\t\t<\/div>\n\t\t\t\t<\/div>\n\t\t\t\t<div class=\"elementor-element elementor-element-59bc5f9 elementor-widget elementor-widget-text-editor\" data-id=\"59bc5f9\" data-element_type=\"widget\" data-widget_type=\"text-editor.default\">\n\t\t\t\t<div class=\"elementor-widget-container\">\n\t\t\t\t\t\t\t<table border=\"0\" cellspacing=\"3\" cellpadding=\"3\"><tbody><tr><td><p><b>Guitarras, Producci\u00f3n y Composici\u00f3n<\/b><\/p><p>Manuel Montero<\/p><\/td><td><p><strong><span style=\"font-family: inherit; font-size: inherit;\">Baile<\/span><\/strong><\/p><p>Karen Lugo<\/p><\/td><\/tr><tr><td><p><strong>Vocals<\/strong><\/p><p>Mal\u00ed<\/p><\/td><td><p><strong>Producci\u00f3n y DIrecci\u00f3n Art\u00edstica<\/strong><\/p><p>Manuel Montero<\/p><\/td><\/tr><tr><td><p><strong>Percusiones, Jaleos y Palmas<\/strong><\/p><p>Fernando Maya<\/p><p>Paquito Gonz\u00e1lez<\/p><p>Ramses Araya<\/p><p>M&amp;M<\/p><\/td><td><p><strong>Grabaci\u00f3n y Mezcla<\/strong><\/p><p>Domi Serralbo (DS Estudio)<\/p><\/td><\/tr><tr><td><p><strong>Bajo<\/strong><\/p><p>Juanfe P\u00e9rez<\/p><\/td><td><p><strong>Mastering<\/strong><\/p><p>Alex Psaroudakis (The Work Shop NYC Brooklyn NY)<\/p><\/td><\/tr><tr><td><p><strong>Bater\u00eda<\/strong><\/p><p>Carlo Magno Araya<\/p><p>M&amp;M<\/p><\/td><td><p><strong>Arte Visual\/Dibujos<\/strong><\/p><p>Annalisa Fioravanti<\/p><\/td><\/tr><tr><td><p><strong>Dise\u00f1o<\/strong><\/p><p>Fernando Maya (Aliquindoi Estudio)<\/p><\/td><td><p>\u00a0<\/p><p>\u00a0<\/p><\/td><\/tr><\/tbody><\/table>\t\t\t\t\t\t<\/div>\n\t\t\t\t<\/div>\n\t\t\t\t<div class=\"elementor-element elementor-element-777e6669 elementor-widget elementor-widget-aux_button\" data-id=\"777e6669\" data-element_type=\"widget\" data-widget_type=\"aux_button.default\">\n\t\t\t\t<div class=\"elementor-widget-container\">\n\t\t\t<button   class=\"aux-button aux-large aux-carmine-pink aux-none aux-outline aux-uppercase\" ><span class=\"aux-overlay\"><\/span><span class=\"aux-text\">Comprar el CD Aqu\u00ed<\/span><\/button>\t\t<\/div>\n\t\t\t\t<\/div>\n\t\t\t\t\t<\/div>\n\t\t<\/div>\n\t\t\t\t\t<\/div>\n\t\t<\/section>\n\t\t\t\t<\/div>","protected":false},"excerpt":{"rendered":"<p>&#8220;Confluencia&#8221; CD Buy CD Here &#8220;Again great news arrive from this tremendous Costa Rican guitarist. Musician in wich, and not only in this album baptized as such, the technique, the training beyond the flamenco guitar, the creative desire, a remarkable pedagogical spirit and all the capabilities to be someone on the guitar confluence. Above all [&hellip;]<\/p>\n","protected":false},"author":1,"featured_media":0,"parent":0,"menu_order":0,"comment_status":"closed","ping_status":"closed","template":"","meta":{"pmpro_default_level":"","footnotes":""},"class_list":["post-626","page","type-page","status-publish","hentry","pmpro-has-access"],"_links":{"self":[{"href":"https:\/\/www.manuel-montero.com\/es\/wp-json\/wp\/v2\/pages\/626","targetHints":{"allow":["GET"]}}],"collection":[{"href":"https:\/\/www.manuel-montero.com\/es\/wp-json\/wp\/v2\/pages"}],"about":[{"href":"https:\/\/www.manuel-montero.com\/es\/wp-json\/wp\/v2\/types\/page"}],"author":[{"embeddable":true,"href":"https:\/\/www.manuel-montero.com\/es\/wp-json\/wp\/v2\/users\/1"}],"replies":[{"embeddable":true,"href":"https:\/\/www.manuel-montero.com\/es\/wp-json\/wp\/v2\/comments?post=626"}],"version-history":[{"count":10,"href":"https:\/\/www.manuel-montero.com\/es\/wp-json\/wp\/v2\/pages\/626\/revisions"}],"predecessor-version":[{"id":1324,"href":"https:\/\/www.manuel-montero.com\/es\/wp-json\/wp\/v2\/pages\/626\/revisions\/1324"}],"wp:attachment":[{"href":"https:\/\/www.manuel-montero.com\/es\/wp-json\/wp\/v2\/media?parent=626"}],"curies":[{"name":"wp","href":"https:\/\/api.w.org\/{rel}","templated":true}]}}