{"id":420,"date":"2021-07-12T16:58:02","date_gmt":"2021-07-12T16:58:02","guid":{"rendered":"https:\/\/manuelmonterowebsite.dreamhosters.com\/?page_id=420"},"modified":"2021-07-13T17:01:44","modified_gmt":"2021-07-13T17:01:44","slug":"guitars","status":"publish","type":"page","link":"https:\/\/www.manuel-montero.com\/es\/guitars\/","title":{"rendered":"Guitarras"},"content":{"rendered":"<div data-elementor-type=\"wp-page\" data-elementor-id=\"420\" class=\"elementor elementor-420\">\n\t\t\t\t\t\t<section class=\"elementor-section elementor-top-section elementor-element elementor-element-5143c1a6 elementor-section-full_width elementor-section-stretched elementor-section-height-min-height elementor-section-height-default elementor-section-items-middle\" data-id=\"5143c1a6\" data-element_type=\"section\" data-settings=\"{&quot;background_background&quot;:&quot;classic&quot;,&quot;stretch_section&quot;:&quot;section-stretched&quot;}\">\n\t\t\t\t\t\t\t<div class=\"elementor-background-overlay\"><\/div>\n\t\t\t\t\t\t\t<div class=\"elementor-container elementor-column-gap-default\">\n\t\t\t\t\t<div class=\"aux-parallax-section elementor-column elementor-col-100 elementor-top-column elementor-element elementor-element-4636f03c\" data-id=\"4636f03c\" data-element_type=\"column\" data-settings=\"{&quot;background_background&quot;:&quot;classic&quot;}\">\n\t\t\t<div class=\"elementor-widget-wrap elementor-element-populated\">\n\t\t\t\t\t\t<div class=\"elementor-element elementor-element-664c891a aux-appear-watch-animation aux-fade-in-up-2 elementor-widget elementor-widget-aux_modern_heading\" data-id=\"664c891a\" data-element_type=\"widget\" data-widget_type=\"aux_modern_heading.default\">\n\t\t\t\t<div class=\"elementor-widget-container\">\n\t\t\t<section class=\"aux-widget-modern-heading\">\n            <div class=\"aux-widget-inner\"><h2 class=\"aux-modern-heading-primary\">Guitarras<\/h2><\/div>\n        <\/section>\t\t<\/div>\n\t\t\t\t<\/div>\n\t\t\t\t\t<\/div>\n\t\t<\/div>\n\t\t\t\t\t<\/div>\n\t\t<\/section>\n\t\t\t\t<section class=\"elementor-section elementor-top-section elementor-element elementor-element-4936f21d elementor-section-stretched elementor-section-boxed elementor-section-height-default elementor-section-height-default\" data-id=\"4936f21d\" data-element_type=\"section\" data-settings=\"{&quot;stretch_section&quot;:&quot;section-stretched&quot;}\">\n\t\t\t\t\t\t<div class=\"elementor-container elementor-column-gap-default\">\n\t\t\t\t\t<div class=\"aux-parallax-section elementor-column elementor-col-100 elementor-top-column elementor-element elementor-element-2d10a4cb\" data-id=\"2d10a4cb\" data-element_type=\"column\">\n\t\t\t<div class=\"elementor-widget-wrap elementor-element-populated\">\n\t\t\t\t\t\t<div class=\"elementor-element elementor-element-b9f5d52 elementor-widget elementor-widget-heading\" data-id=\"b9f5d52\" data-element_type=\"widget\" data-widget_type=\"heading.default\">\n\t\t\t\t<div class=\"elementor-widget-container\">\n\t\t\t<h4 class=\"elementor-heading-title elementor-size-default\"><a href=\"https:\/\/www.flamencoguitarsforsale.net\/en\/alberto-hernandez-guitars\/flamenco-guitar-alberto-hernandez-homenaje-marcelo-barbero-new-model\/\">Manuel recomienda las guitarras\u00a0\"Homenaje a Marcelo Barbero\"\u00a0Nuevo Modelo\u00a0construidas por Alberto Hern\u00e1ndez.<\/a><\/h4>\t\t<\/div>\n\t\t\t\t<\/div>\n\t\t\t\t<div class=\"elementor-element elementor-element-290a678 elementor-widget elementor-widget-text-editor\" data-id=\"290a678\" data-element_type=\"widget\" data-widget_type=\"text-editor.default\">\n\t\t\t\t<div class=\"elementor-widget-container\">\n\t\t\t\t\t\t\t<p class=\"translation-block\">Esta\u00a0<strong>guitarra flamenca<\/strong>\u00a0ha sido construida por el guitarrero Alberto Hern\u00e1ndez. Este guitarrero inici\u00f3 su carrera como aprendiz en el taller de guitarras Francisco Esteve. Actualmente es el artesano jefe encargado de llevar la producci\u00f3n en el Taller de Guitarras Juan Hern\u00e1ndez y Guitarras Francisco Esteve velando por los detalles, la calidad y el buen hacer de estos dos talleres y sus 40 artesanos que trabajan a su cargo.<\/p><p>Hace aproximadamente un a\u00f1o el guitarrero Alberto Hern\u00e1ndez y Solera Flamenca lanzamos al mercado un nuevo modelo de guitarra flamenca: \u00abHomenaje a Marcelo Barbero\u00bb, una guitarra que marca un antes y un despu\u00e9s en el mundo de la guitarra semi-artesana.<\/p><p>Este modelo de guitarra surgi\u00f3 de la necesidad de aportar al mercado un instrumento de altas prestaciones a un precio asequible. Construida a partir de una guitarra de Marcelo Barbero del a\u00f1o 1953, uno de los mejores guitarreros de la historia, respetando cada detalle y manteniendo las mismas medidas, escala, tama\u00f1o y est\u00e9tica que el instrumento original. Para su elaboraci\u00f3n se utilizan procesos artesanales y mec\u00e1nicos permitiendo reducir el tiempo de producci\u00f3n y con ello el precio final del instrumento. De esta manera conseguimos crear un instrumento de la m\u00e1s alta categor\u00eda a un precio muy econ\u00f3mico que ha revolucionado el mercado actual de la guitarra flamenca semi-artesana.<\/p><p>Debido al \u00e9xito y a la demanda de este modelo de guitarra decidimos mejorar aun m\u00e1s la calidad de este introduciendo nuevas mejoras que son las que os mostramos a continuaci\u00f3n:<\/p><p>-El barniz de nitro-laca de la tapa arm\u00f3nica se ha sustituido por gomalaca natural, otorgando una mayor flexibilidad y resonancia al instrumento y mejorando por consiguiente la calidad de sonido de este.<\/p><p>-La etiqueta ha sido redise\u00f1ada a\u00f1adiendo la etiqueta de la guitarra original construida por Marcelo Barbero de la que se sacaron los planos y la plantilla utilizada para hacer este modelo.<\/p><p>-Hemos decidido reemplazar el cipr\u00e9s de aros y fondo por palosanto de India, consiguiendo un instrumento superior, con una mayor resonancia y calidad ac\u00fastica.<\/p><p>El sonido de esta guitarra flamenca es extraordinario, los bordones son brillantes pero con cuerpo y profundidad, los tiples n\u00edtidos y cristalinos, un conjunto perfectamente equilibrado, con gran volumen y proyecci\u00f3n.<\/p><p>La pulsaci\u00f3n de esta guitarra es media, y la altura de cuerdas en diapas\u00f3n y selleta muy equilibrada, lo que aporta al guitarrista una gran comodidad en ambas manos.<\/p><p>El estado de la guitarra es nuevo.<\/p>\t\t\t\t\t\t<\/div>\n\t\t\t\t<\/div>\n\t\t\t\t<div class=\"elementor-element elementor-element-fcb425e elementor-align-center elementor-widget elementor-widget-button\" data-id=\"fcb425e\" data-element_type=\"widget\" data-widget_type=\"button.default\">\n\t\t\t\t<div class=\"elementor-widget-container\">\n\t\t\t\t\t<div class=\"elementor-button-wrapper\">\n\t\t\t<a class=\"elementor-button elementor-button-link elementor-size-sm\" href=\"https:\/\/www.flamencoguitarsforsale.net\/en\/alberto-hernandez-guitars\/flamenco-guitar-alberto-hernandez-homenaje-marcelo-barbero-new-model\/\">\n\t\t\t\t\t\t<span class=\"elementor-button-content-wrapper\">\n\t\t\t\t\t\t<span class=\"elementor-button-text\">M\u00e1s Informaci\u00f3n<\/span>\n\t\t<\/span>\n\t\t\t\t\t<\/a>\n\t\t<\/div>\n\t\t\t\t<\/div>\n\t\t\t\t<\/div>\n\t\t\t\t<section class=\"elementor-section elementor-inner-section elementor-element elementor-element-dab24ee elementor-section-boxed elementor-section-height-default elementor-section-height-default\" data-id=\"dab24ee\" data-element_type=\"section\">\n\t\t\t\t\t\t<div class=\"elementor-container elementor-column-gap-default\">\n\t\t\t\t\t<div class=\"aux-parallax-section elementor-column elementor-col-50 elementor-inner-column elementor-element elementor-element-aa53bb9\" data-id=\"aa53bb9\" data-element_type=\"column\">\n\t\t\t<div class=\"elementor-widget-wrap elementor-element-populated\">\n\t\t\t\t\t\t<div class=\"elementor-element elementor-element-7994a22 elementor-widget elementor-widget-image\" data-id=\"7994a22\" data-element_type=\"widget\" data-widget_type=\"image.default\">\n\t\t\t\t<div class=\"elementor-widget-container\">\n\t\t\t\t\t\t\t\t\t\t\t\t\t\t<a href=\"https:\/\/www.flamencoguitarsforsale.net\/en\/alberto-hernandez-guitars\/flamenco-guitar-alberto-hernandez-homenaje-marcelo-barbero-new-model\/\">\n\t\t\t\t\t\t\t<img fetchpriority=\"high\" decoding=\"async\" width=\"184\" height=\"439\" src=\"https:\/\/www.manuel-montero.com\/wp-content\/uploads\/2021\/07\/Barbero-foto.png\" class=\"attachment-large size-large wp-image-427\" alt=\"\" \/>\t\t\t\t\t\t\t\t<\/a>\n\t\t\t\t\t\t\t\t\t\t\t\t\t<\/div>\n\t\t\t\t<\/div>\n\t\t\t\t\t<\/div>\n\t\t<\/div>\n\t\t\t\t<div class=\"aux-parallax-section elementor-column elementor-col-50 elementor-inner-column elementor-element elementor-element-c26e396\" data-id=\"c26e396\" data-element_type=\"column\">\n\t\t\t<div class=\"elementor-widget-wrap elementor-element-populated\">\n\t\t\t\t\t\t<div class=\"elementor-element elementor-element-3d441b0 elementor-widget elementor-widget-image\" data-id=\"3d441b0\" data-element_type=\"widget\" data-widget_type=\"image.default\">\n\t\t\t\t<div class=\"elementor-widget-container\">\n\t\t\t\t\t\t\t\t\t\t\t\t\t\t<a href=\"https:\/\/www.flamencoguitarsforsale.net\/en\/alberto-hernandez-guitars\/flamenco-guitar-alberto-hernandez-homenaje-marcelo-barbero-new-model\/\">\n\t\t\t\t\t\t\t<img decoding=\"async\" width=\"324\" height=\"452\" src=\"https:\/\/www.manuel-montero.com\/wp-content\/uploads\/2021\/07\/Barbero-foto-2.png\" class=\"attachment-large size-large wp-image-428\" alt=\"\" \/>\t\t\t\t\t\t\t\t<\/a>\n\t\t\t\t\t\t\t\t\t\t\t\t\t<\/div>\n\t\t\t\t<\/div>\n\t\t\t\t\t<\/div>\n\t\t<\/div>\n\t\t\t\t\t<\/div>\n\t\t<\/section>\n\t\t\t\t\t<\/div>\n\t\t<\/div>\n\t\t\t\t\t<\/div>\n\t\t<\/section>\n\t\t\t\t<\/div>","protected":false},"excerpt":{"rendered":"<p>Guitars Manuel recommends &#8220;Homenaje a Marcelo Barbero&#8221; New Model constructed by Alberto Hern\u00e1ndez This\u00a0flamenco guitar\u00a0has been made by the guitar maker Alberto Hern\u00e1ndez. He started his career as an apprentice in Francisco Esteve\u00b4s guitar workshop. Currently, he is the Chief craftsman, in charge of the production of Juan Hern\u00e1ndez\u00b4s Guitar Workshop and Francisco Esteve\u00b4s Guitars, [&hellip;]<\/p>\n","protected":false},"author":1,"featured_media":0,"parent":0,"menu_order":0,"comment_status":"closed","ping_status":"closed","template":"","meta":{"pmpro_default_level":"","footnotes":""},"class_list":["post-420","page","type-page","status-publish","hentry","pmpro-has-access"],"_links":{"self":[{"href":"https:\/\/www.manuel-montero.com\/es\/wp-json\/wp\/v2\/pages\/420","targetHints":{"allow":["GET"]}}],"collection":[{"href":"https:\/\/www.manuel-montero.com\/es\/wp-json\/wp\/v2\/pages"}],"about":[{"href":"https:\/\/www.manuel-montero.com\/es\/wp-json\/wp\/v2\/types\/page"}],"author":[{"embeddable":true,"href":"https:\/\/www.manuel-montero.com\/es\/wp-json\/wp\/v2\/users\/1"}],"replies":[{"embeddable":true,"href":"https:\/\/www.manuel-montero.com\/es\/wp-json\/wp\/v2\/comments?post=420"}],"version-history":[{"count":10,"href":"https:\/\/www.manuel-montero.com\/es\/wp-json\/wp\/v2\/pages\/420\/revisions"}],"predecessor-version":[{"id":507,"href":"https:\/\/www.manuel-montero.com\/es\/wp-json\/wp\/v2\/pages\/420\/revisions\/507"}],"wp:attachment":[{"href":"https:\/\/www.manuel-montero.com\/es\/wp-json\/wp\/v2\/media?parent=420"}],"curies":[{"name":"wp","href":"https:\/\/api.w.org\/{rel}","templated":true}]}}