{"id":355,"date":"2021-07-08T16:28:55","date_gmt":"2021-07-08T16:28:55","guid":{"rendered":"https:\/\/manuelmonterowebsite.dreamhosters.com\/?page_id=355"},"modified":"2022-02-14T23:57:53","modified_gmt":"2022-02-14T23:57:53","slug":"book","status":"publish","type":"page","link":"https:\/\/www.manuel-montero.com\/es\/book\/","title":{"rendered":"Libro"},"content":{"rendered":"<div data-elementor-type=\"wp-page\" data-elementor-id=\"355\" class=\"elementor elementor-355\">\n\t\t\t\t\t\t<section class=\"elementor-section elementor-top-section elementor-element elementor-element-1fb19365 elementor-section-full_width elementor-section-stretched elementor-section-height-min-height elementor-section-content-middle elementor-section-height-default elementor-section-items-middle\" data-id=\"1fb19365\" data-element_type=\"section\" data-settings=\"{&quot;background_background&quot;:&quot;classic&quot;,&quot;stretch_section&quot;:&quot;section-stretched&quot;}\">\n\t\t\t\t\t\t\t<div class=\"elementor-background-overlay\"><\/div>\n\t\t\t\t\t\t\t<div class=\"elementor-container elementor-column-gap-default\">\n\t\t\t\t\t<div class=\"aux-parallax-section elementor-column elementor-col-100 elementor-top-column elementor-element elementor-element-63cef447\" data-id=\"63cef447\" data-element_type=\"column\" data-settings=\"{&quot;background_background&quot;:&quot;classic&quot;}\">\n\t\t\t<div class=\"elementor-widget-wrap elementor-element-populated\">\n\t\t\t\t\t\t<div class=\"elementor-element elementor-element-1911b849 aux-appear-watch-animation aux-fade-in-up-2 elementor-widget elementor-widget-aux_modern_heading\" data-id=\"1911b849\" data-element_type=\"widget\" data-widget_type=\"aux_modern_heading.default\">\n\t\t\t\t<div class=\"elementor-widget-container\">\n\t\t\t<section class=\"aux-widget-modern-heading\">\n            <div class=\"aux-widget-inner\"><h2 class=\"aux-modern-heading-primary\">Libro<\/h2><\/div>\n        <\/section>\t\t<\/div>\n\t\t\t\t<\/div>\n\t\t\t\t\t<\/div>\n\t\t<\/div>\n\t\t\t\t\t<\/div>\n\t\t<\/section>\n\t\t\t\t<section class=\"elementor-section elementor-top-section elementor-element elementor-element-eaabfd9 elementor-section-stretched elementor-section-boxed elementor-section-height-default elementor-section-height-default\" data-id=\"eaabfd9\" data-element_type=\"section\" data-settings=\"{&quot;stretch_section&quot;:&quot;section-stretched&quot;}\">\n\t\t\t\t\t\t<div class=\"elementor-container elementor-column-gap-default\">\n\t\t\t\t\t<div class=\"aux-parallax-section elementor-column elementor-col-100 elementor-top-column elementor-element elementor-element-42ad7eb\" data-id=\"42ad7eb\" data-element_type=\"column\">\n\t\t\t<div class=\"elementor-widget-wrap elementor-element-populated\">\n\t\t\t\t\t\t<div class=\"elementor-element elementor-element-a3d1d54 elementor-blockquote--skin-quotation aux-appear-watch-animation aux-fade-in-up elementor-blockquote--button-color-official elementor-widget elementor-widget-blockquote\" data-id=\"a3d1d54\" data-element_type=\"widget\" data-widget_type=\"blockquote.default\">\n\t\t\t\t<div class=\"elementor-widget-container\">\n\t\t\t\t\t<blockquote class=\"elementor-blockquote\">\n\t\t\t<p class=\"elementor-blockquote__content\">\n\t\t\t\tManuel Montero\u00a0tiene una magn\u00edfica formaci\u00f3n musical habiendo\u00a0estudiado la guitarra cl\u00e1sica\u00a0aunque en un principio comenz\u00f3 por su afici\u00f3n al flamenco,\u00a0esto\u00a0es lo que ha hecho de \u00e9l un gran guitarrista en ambas especialidades, siendo reconocido por nosotros en Espa\u00f1a y en todos aquellos \u00e1mbitos donde conocen bien la guitarra y sus dificultades para llegar a este alt\u00edsimo nivel. Despu\u00e9s de haber le\u00eddo y escuchado esta obra did\u00e1ctica y art\u00edstica,\u00a0extraordinario m\u00e9todo para la guitarra flamenca, aunque particularmente\u00a0creo que tambi\u00e9n lo es para la cl\u00e1sica, aconsejo su estudio profundamente a todos los que deseen tener una buena t\u00e9cnica porque este m\u00e9todo es un gran camino para llegar a dominar una gran parte de este dif\u00edcil arte de tocar la guitarra flamenca.\t\t\t<\/p>\n\t\t\t\t\t\t\t<div class=\"e-q-footer\">\n\t\t\t\t\t\t\t\t\t\t\t<cite class=\"elementor-blockquote__author\">V\u00edctor Monge \"Serranito\"<\/cite>\n\t\t\t\t\t\t\t\t\t\t\t\t\t\t<\/div>\n\t\t\t\t\t<\/blockquote>\n\t\t\t\t<\/div>\n\t\t\t\t<\/div>\n\t\t\t\t\t<\/div>\n\t\t<\/div>\n\t\t\t\t\t<\/div>\n\t\t<\/section>\n\t\t\t\t<section class=\"elementor-section elementor-top-section elementor-element elementor-element-d677cd1 elementor-section-stretched elementor-section-boxed elementor-section-height-default elementor-section-height-default\" data-id=\"d677cd1\" data-element_type=\"section\" data-settings=\"{&quot;stretch_section&quot;:&quot;section-stretched&quot;}\">\n\t\t\t\t\t\t<div class=\"elementor-container elementor-column-gap-default\">\n\t\t\t\t\t<div class=\"aux-parallax-section elementor-column elementor-col-100 elementor-top-column elementor-element elementor-element-60dc4b0\" data-id=\"60dc4b0\" data-element_type=\"column\">\n\t\t\t<div class=\"elementor-widget-wrap elementor-element-populated\">\n\t\t\t\t\t\t<section class=\"elementor-section elementor-inner-section elementor-element elementor-element-eb34acb aux-appear-watch-animation aux-fade-in-up elementor-section-boxed elementor-section-height-default elementor-section-height-default\" data-id=\"eb34acb\" data-element_type=\"section\">\n\t\t\t\t\t\t<div class=\"elementor-container elementor-column-gap-default\">\n\t\t\t\t\t<div class=\"aux-parallax-section elementor-column elementor-col-50 elementor-inner-column elementor-element elementor-element-cffb688\" data-id=\"cffb688\" data-element_type=\"column\">\n\t\t\t<div class=\"elementor-widget-wrap elementor-element-populated\">\n\t\t\t\t\t\t<div class=\"elementor-element elementor-element-7724b29 elementor-widget elementor-widget-image\" data-id=\"7724b29\" data-element_type=\"widget\" data-widget_type=\"image.default\">\n\t\t\t\t<div class=\"elementor-widget-container\">\n\t\t\t\t\t\t\t\t\t\t\t\t\t<img fetchpriority=\"high\" decoding=\"async\" width=\"600\" height=\"849\" src=\"https:\/\/www.manuel-montero.com\/wp-content\/uploads\/2021\/07\/Book-Front.jpg\" class=\"attachment-full size-full wp-image-357\" alt=\"\" \/>\t\t\t\t\t\t\t\t\t\t\t\t\t<\/div>\n\t\t\t\t<\/div>\n\t\t\t\t\t<\/div>\n\t\t<\/div>\n\t\t\t\t<div class=\"aux-parallax-section elementor-column elementor-col-50 elementor-inner-column elementor-element elementor-element-f09399a\" data-id=\"f09399a\" data-element_type=\"column\">\n\t\t\t<div class=\"elementor-widget-wrap elementor-element-populated\">\n\t\t\t\t\t\t<div class=\"elementor-element elementor-element-e1ced2c elementor-widget elementor-widget-image\" data-id=\"e1ced2c\" data-element_type=\"widget\" data-widget_type=\"image.default\">\n\t\t\t\t<div class=\"elementor-widget-container\">\n\t\t\t\t\t\t\t\t\t\t\t\t\t<img decoding=\"async\" width=\"1810\" height=\"2560\" src=\"https:\/\/www.manuel-montero.com\/wp-content\/uploads\/2021\/07\/contraportada-scaled.jpg\" class=\"attachment-full size-full wp-image-358\" alt=\"\" srcset=\"https:\/\/www.manuel-montero.com\/wp-content\/uploads\/2021\/07\/contraportada-scaled.jpg 1810w, https:\/\/www.manuel-montero.com\/wp-content\/uploads\/2021\/07\/contraportada-1086x1536.jpg 1086w, https:\/\/www.manuel-montero.com\/wp-content\/uploads\/2021\/07\/contraportada-1448x2048.jpg 1448w, https:\/\/www.manuel-montero.com\/wp-content\/uploads\/2021\/07\/contraportada-600x849.jpg 600w\" sizes=\"(max-width: 1810px) 100vw, 1810px\" \/>\t\t\t\t\t\t\t\t\t\t\t\t\t<\/div>\n\t\t\t\t<\/div>\n\t\t\t\t\t<\/div>\n\t\t<\/div>\n\t\t\t\t\t<\/div>\n\t\t<\/section>\n\t\t\t\t\t<\/div>\n\t\t<\/div>\n\t\t\t\t\t<\/div>\n\t\t<\/section>\n\t\t\t\t<section class=\"elementor-section elementor-top-section elementor-element elementor-element-ff4cd56 elementor-section-stretched elementor-section-boxed elementor-section-height-default elementor-section-height-default\" data-id=\"ff4cd56\" data-element_type=\"section\" data-settings=\"{&quot;stretch_section&quot;:&quot;section-stretched&quot;}\">\n\t\t\t\t\t\t<div class=\"elementor-container elementor-column-gap-default\">\n\t\t\t\t\t<div class=\"aux-parallax-section elementor-column elementor-col-100 elementor-top-column elementor-element elementor-element-66e6a0b\" data-id=\"66e6a0b\" data-element_type=\"column\">\n\t\t\t<div class=\"elementor-widget-wrap elementor-element-populated\">\n\t\t\t\t\t\t<div class=\"elementor-element elementor-element-f2801d8 elementor-widget elementor-widget-aux_button\" data-id=\"f2801d8\" data-element_type=\"widget\" data-widget_type=\"aux_button.default\">\n\t\t\t\t<div class=\"elementor-widget-container\">\n\t\t\t<a  href=\"https:\/\/www.manuel-montero.com\/es\/store\/\" target=\"_self\"   class=\"aux-button aux-large aux-carmine-pink aux-none aux-outline aux-uppercase\" ><span class=\"aux-overlay\"><\/span><span class=\"aux-text\">Comprar el Libro Aqu\u00ed<\/span><\/a>\t\t<\/div>\n\t\t\t\t<\/div>\n\t\t\t\t<div class=\"elementor-element elementor-element-52ffb75 aux-appear-watch-animation aux-fade-in-up elementor-widget elementor-widget-text-editor\" data-id=\"52ffb75\" data-element_type=\"widget\" data-widget_type=\"text-editor.default\">\n\t\t\t\t<div class=\"elementor-widget-container\">\n\t\t\t\t\t\t\t<p><em>La guitarra flamenca es hoy en d\u00eda una de las expresiones del instrumento que m\u00e1s inter\u00e9s genera en el mundo entero, prueba de ello que cada vez hay m\u00e1s academias, conservatorios e incluso alguna que otra universidad interesada en abrir un espacio para su aprendizaje. A pesar de esto el nivel de ense\u00f1anza actual est\u00e1 muy por debajo de su nivel de desarrollo art\u00edstico, las razones son muy variadas e incluso algunas muy pintorescas cuando las analizamos desde la cultura que vio nacer este arte, en mi caso me inclino sobre todo por una, su base ha sido la tradici\u00f3n oral, a partir de aqu\u00ed las diferentes posturas e inc\u00f3gnitas aparecen y debaten sin llegar, al menos de momento, a un punto de acuerdo. Por poner un ejemplo una parte considera poco \u201cverdadero\u201d pensar que el flamenco se puede aprender en un centro formal al estilo del jazz o la m\u00fasica cl\u00e1sica\u00a0y la otra considera que esta mentalidad es una limitaci\u00f3n al desarrollo de dicho arte, podemos desde este punto visualizar lo complejo del tema.<\/em><\/p><p><em>De manera general, el arte del flamenco se encuentra en un apasionante proceso de desarrollo y creaci\u00f3n pedag\u00f3gica donde ya se ha hecho mucho pero queda, a\u00fan m\u00e1s, por realizar, siendo todo esto la<\/em><em>raz\u00f3n principal de este libro, evidentemente no estoy tratando de resolver por completo lo expuesto anteriormente pero espero que se convierta al menos en una humilde contribuci\u00f3n a un \u00e1rea concreta, el material de estudio.<\/em><\/p>\t\t\t\t\t\t<\/div>\n\t\t\t\t<\/div>\n\t\t\t\t<div class=\"elementor-element elementor-element-306f281 aux-appear-watch-animation aux-fade-in-up elementor-widget elementor-widget-text-editor\" data-id=\"306f281\" data-element_type=\"widget\" data-widget_type=\"text-editor.default\">\n\t\t\t\t<div class=\"elementor-widget-container\">\n\t\t\t\t\t\t\t<p>Manuel Montero<\/p>\t\t\t\t\t\t<\/div>\n\t\t\t\t<\/div>\n\t\t\t\t<div class=\"elementor-element elementor-element-90b0ffe elementor-widget elementor-widget-video\" data-id=\"90b0ffe\" data-element_type=\"widget\" data-settings=\"{&quot;youtube_url&quot;:&quot;https:\\\/\\\/youtu.be\\\/gh3GxxoDfXA&quot;,&quot;video_type&quot;:&quot;youtube&quot;,&quot;controls&quot;:&quot;yes&quot;}\" data-widget_type=\"video.default\">\n\t\t\t\t<div class=\"elementor-widget-container\">\n\t\t\t\t\t<div class=\"elementor-wrapper elementor-open-inline\">\n\t\t\t<div class=\"elementor-video\"><\/div>\t\t<\/div>\n\t\t\t\t<\/div>\n\t\t\t\t<\/div>\n\t\t\t\t<div class=\"elementor-element elementor-element-2a7b9a4 elementor-widget elementor-widget-aux_button\" data-id=\"2a7b9a4\" data-element_type=\"widget\" data-widget_type=\"aux_button.default\">\n\t\t\t\t<div class=\"elementor-widget-container\">\n\t\t\t<a  href=\"https:\/\/www.manuel-montero.com\/es\/store\/\" target=\"_self\"   class=\"aux-button aux-large aux-carmine-pink aux-none aux-outline aux-uppercase\" ><span class=\"aux-overlay\"><\/span><span class=\"aux-text\">Comprar el Libro Aqu\u00ed<\/span><\/a>\t\t<\/div>\n\t\t\t\t<\/div>\n\t\t\t\t\t<\/div>\n\t\t<\/div>\n\t\t\t\t\t<\/div>\n\t\t<\/section>\n\t\t\t\t<\/div>","protected":false},"excerpt":{"rendered":"<p>Book Manuel Montero has magnificent musical training studying classical guitar, even though he began because of his love for flamenco music. This has made him a great guitarist in both specialties, gaining recognition here in Spain, and in all fields where the guitar and its difficulties are well known, even more, when the goal is [&hellip;]<\/p>\n","protected":false},"author":1,"featured_media":0,"parent":0,"menu_order":0,"comment_status":"closed","ping_status":"closed","template":"","meta":{"pmpro_default_level":"","footnotes":""},"class_list":["post-355","page","type-page","status-publish","hentry","pmpro-has-access"],"_links":{"self":[{"href":"https:\/\/www.manuel-montero.com\/es\/wp-json\/wp\/v2\/pages\/355","targetHints":{"allow":["GET"]}}],"collection":[{"href":"https:\/\/www.manuel-montero.com\/es\/wp-json\/wp\/v2\/pages"}],"about":[{"href":"https:\/\/www.manuel-montero.com\/es\/wp-json\/wp\/v2\/types\/page"}],"author":[{"embeddable":true,"href":"https:\/\/www.manuel-montero.com\/es\/wp-json\/wp\/v2\/users\/1"}],"replies":[{"embeddable":true,"href":"https:\/\/www.manuel-montero.com\/es\/wp-json\/wp\/v2\/comments?post=355"}],"version-history":[{"count":10,"href":"https:\/\/www.manuel-montero.com\/es\/wp-json\/wp\/v2\/pages\/355\/revisions"}],"predecessor-version":[{"id":1136,"href":"https:\/\/www.manuel-montero.com\/es\/wp-json\/wp\/v2\/pages\/355\/revisions\/1136"}],"wp:attachment":[{"href":"https:\/\/www.manuel-montero.com\/es\/wp-json\/wp\/v2\/media?parent=355"}],"curies":[{"name":"wp","href":"https:\/\/api.w.org\/{rel}","templated":true}]}}