{"id":258,"date":"2021-07-07T13:48:49","date_gmt":"2021-07-07T13:48:49","guid":{"rendered":"https:\/\/manuelmonterowebsite.dreamhosters.com\/?page_id=258"},"modified":"2022-09-23T03:25:17","modified_gmt":"2022-09-23T03:25:17","slug":"biography","status":"publish","type":"page","link":"https:\/\/www.manuel-montero.com\/es\/biography\/","title":{"rendered":"Biograf\u00eda"},"content":{"rendered":"<div data-elementor-type=\"wp-page\" data-elementor-id=\"258\" class=\"elementor elementor-258\">\n\t\t\t\t\t\t<section class=\"elementor-section elementor-top-section elementor-element elementor-element-7cb2d882 elementor-section-full_width elementor-section-stretched elementor-section-content-middle elementor-section-height-default elementor-section-height-default\" data-id=\"7cb2d882\" data-element_type=\"section\" data-settings=\"{&quot;background_background&quot;:&quot;classic&quot;,&quot;stretch_section&quot;:&quot;section-stretched&quot;}\">\n\t\t\t\t\t\t\t<div class=\"elementor-background-overlay\"><\/div>\n\t\t\t\t\t\t\t<div class=\"elementor-container elementor-column-gap-default\">\n\t\t\t\t\t<div class=\"aux-parallax-section elementor-column elementor-col-100 elementor-top-column elementor-element elementor-element-5c693235\" data-id=\"5c693235\" data-element_type=\"column\" data-settings=\"{&quot;background_background&quot;:&quot;classic&quot;}\">\n\t\t\t<div class=\"elementor-widget-wrap elementor-element-populated\">\n\t\t\t\t\t\t<div class=\"elementor-element elementor-element-44dd8861 elementor-widget__width-auto aux-appear-watch-animation aux-fade-in-up-2 elementor-widget elementor-widget-aux_modern_heading\" data-id=\"44dd8861\" data-element_type=\"widget\" data-widget_type=\"aux_modern_heading.default\">\n\t\t\t\t<div class=\"elementor-widget-container\">\n\t\t\t<section class=\"aux-widget-modern-heading\">\n            <div class=\"aux-widget-inner\"><h2 class=\"aux-modern-heading-primary\">Biograf\u00eda<\/h2><\/div>\n        <\/section>\t\t<\/div>\n\t\t\t\t<\/div>\n\t\t\t\t\t<\/div>\n\t\t<\/div>\n\t\t\t\t\t<\/div>\n\t\t<\/section>\n\t\t\t\t<section class=\"elementor-section elementor-top-section elementor-element elementor-element-5622113 elementor-section-full_width elementor-section-stretched elementor-section-height-default elementor-section-height-default\" data-id=\"5622113\" data-element_type=\"section\" data-settings=\"{&quot;stretch_section&quot;:&quot;section-stretched&quot;}\">\n\t\t\t\t\t\t<div class=\"elementor-container elementor-column-gap-default\">\n\t\t\t\t\t<div class=\"aux-parallax-section elementor-column elementor-col-33 elementor-top-column elementor-element elementor-element-9008bf9\" data-id=\"9008bf9\" data-element_type=\"column\">\n\t\t\t<div class=\"elementor-widget-wrap elementor-element-populated\">\n\t\t\t\t\t\t<div class=\"elementor-element elementor-element-7fd76d7 aux-appear-watch-animation aux-fade-in-up elementor-widget elementor-widget-image\" data-id=\"7fd76d7\" data-element_type=\"widget\" data-widget_type=\"image.default\">\n\t\t\t\t<div class=\"elementor-widget-container\">\n\t\t\t\t\t\t\t\t\t\t\t\t\t<img fetchpriority=\"high\" decoding=\"async\" width=\"639\" height=\"960\" src=\"https:\/\/www.manuel-montero.com\/wp-content\/uploads\/2021\/07\/diputacion-sevila-2.jpg\" class=\"attachment-large size-large wp-image-260\" alt=\"\" srcset=\"https:\/\/www.manuel-montero.com\/wp-content\/uploads\/2021\/07\/diputacion-sevila-2.jpg 639w, https:\/\/www.manuel-montero.com\/wp-content\/uploads\/2021\/07\/diputacion-sevila-2-600x901.jpg 600w\" sizes=\"(max-width: 639px) 100vw, 639px\" \/>\t\t\t\t\t\t\t\t\t\t\t\t\t<\/div>\n\t\t\t\t<\/div>\n\t\t\t\t\t<\/div>\n\t\t<\/div>\n\t\t\t\t<div class=\"aux-parallax-section elementor-column elementor-col-66 elementor-top-column elementor-element elementor-element-765f693\" data-id=\"765f693\" data-element_type=\"column\">\n\t\t\t<div class=\"elementor-widget-wrap elementor-element-populated\">\n\t\t\t\t\t\t<div class=\"elementor-element elementor-element-9a09e72 aux-appear-watch-animation aux-fade-in-up elementor-widget elementor-widget-text-editor\" data-id=\"9a09e72\" data-element_type=\"widget\" data-widget_type=\"text-editor.default\">\n\t\t\t\t<div class=\"elementor-widget-container\">\n\t\t\t\t\t\t\t<p>Guitarrista flamenco y cl\u00e1sico profesional,\u00a0su trabajo\u00a0\u00a0como director musical, compositor y arreglista le ha llevado a desempe\u00f1arse en proyectos de gran diversidad que van desde el flamenco, en su variedad de expresiones, a\u00a0\u00a0la m\u00fasica latinoamericana, m\u00fasica electr\u00f3nica, m\u00fasica cl\u00e1sica, world music y el jazz entre otras. Ha sido reconocido con varios premios como guitarrista y compositor entre los cuales mencionar:<\/p><ul><li><em><strong>Primer premio nacional de guitarra cl\u00e1sica, auspiciado por el Centro Cultural de Espa\u00f1a (Costa Rica)\u00a0<\/strong><\/em><\/li><li><em><strong>Primer premio Ni\u00f1o Ricardo al mejor guitarrista de concierto internacional (Espa\u00f1a)<\/strong><\/em><\/li><li><em><strong>Primer premio Sabicas al mejor guitarrista de concierto y acompa\u00f1amiento al cante (Espa\u00f1a)<\/strong><\/em><\/li><li><em><strong>Primer premio de la A.I.E. (Sociedad de artistas, int\u00e9rpretes y ejecutantes de Espa\u00f1a)<\/strong><\/em><\/li><li><em><strong>Primer premio a la mejor m\u00fasica para un corto fotogr\u00e1fico (Nueva York\/U.S.A)<\/strong><\/em><\/li><li><strong><em>Premio nacional ACAM por su cd \"SOLO\" como mejor disco instrumental del a\u00f1o.<\/em><\/strong><\/li><li><strong><em>Finalista Concurso Nacional de Arte flamenco de C\u00f3rdoba (Espa\u00f1a).<\/em><\/strong><\/li><li><em><strong>Segundo premio Sabicas al mejor guitarrista de concierto y acompa\u00f1amiento al cante (Espa\u00f1a).<\/strong><\/em><\/li><\/ul>\t\t\t\t\t\t<\/div>\n\t\t\t\t<\/div>\n\t\t\t\t\t<\/div>\n\t\t<\/div>\n\t\t\t\t\t<\/div>\n\t\t<\/section>\n\t\t\t\t<section class=\"elementor-section elementor-top-section elementor-element elementor-element-4f0e848 elementor-section-full_width elementor-section-stretched elementor-section-height-default elementor-section-height-default\" data-id=\"4f0e848\" data-element_type=\"section\" data-settings=\"{&quot;stretch_section&quot;:&quot;section-stretched&quot;}\">\n\t\t\t\t\t\t<div class=\"elementor-container elementor-column-gap-default\">\n\t\t\t\t\t<div class=\"aux-parallax-section elementor-column elementor-col-100 elementor-top-column elementor-element elementor-element-524e63a\" data-id=\"524e63a\" data-element_type=\"column\">\n\t\t\t<div class=\"elementor-widget-wrap elementor-element-populated\">\n\t\t\t\t\t\t<div class=\"elementor-element elementor-element-76fc00d aux-appear-watch-animation aux-fade-in-up elementor-widget elementor-widget-text-editor\" data-id=\"76fc00d\" data-element_type=\"widget\" data-widget_type=\"text-editor.default\">\n\t\t\t\t<div class=\"elementor-widget-container\">\n\t\t\t\t\t\t\t<p>Recibe excelentes cr\u00edticas por parte de la prensa especializada catalog\u00e1ndole de \u201cexcelencia en sus composiciones\u201d por figuras como <a href=\"http:\/\/es.wikipedia.org\/wiki\/Norberto_Torres\">Norberto Torres<\/a>\u00a0o\u00a0<a href=\"http:\/\/www.manolosanlucar.com\/\">Manolo Sanlucar<\/a>. Comparte programa art\u00edstico en diferentes festivales con figuras como\u00a0<a href=\"http:\/\/en.wikipedia.org\/wiki\/Ni%C3%B1a_Pastori\">Ni\u00f1a Pastori<\/a>,\u00a0<a href=\"http:\/\/www.vicenteamigo.com\/en\/\">Vicente Amigo<\/a>,\u00a0<a href=\"http:\/\/arcangelflamenco.es\/\">Arcangel<\/a>,\u00a0<a href=\"http:\/\/andysummers.com\/\">Andy Summers<\/a>,\u00a0<a href=\"http:\/\/www.peperomero.com\/shop\/\">Pepe Romero<\/a>,\u00a0<a href=\"http:\/\/www.elcigala.com\/\">Diego el Cigala<\/a>\u00a0o\u00a0<a href=\"http:\/\/assadbrothers.com\/\">Duo Assad<\/a> entre otros. Su trabajo le ha llevado por m\u00e1s de 20 pa\u00edses adem\u00e1s de giras por toda Espa\u00f1a como parte de circuitos como la Red de Teatros de Madrid, Red de Teatros de Castilla la Mancha, Red de Teatros de Valencia, Festival Caj\u00f3n Flamenco (Barcelona), G.P.S. (girando por salas), Festival Encuentro de M\u00fasicas del Mundo en las Palmas de Gran Canaria, Cultura en Gira (Barcelona).<\/p><p>En 2014 saca su primer \u00e1lbum solista titulado \"Solo\", producido para el sello discogr\u00e1fico <a href=\"http:\/\/lavozdelflamenco.com\/es\/guitarra\/175-manuel-montero-solo.html\">\u201cLa Voz del Flamenco&#8221;<\/a> ofreciendo conciertos por ciudades como C\u00e1diz, Villena, Roma, Breslavia, Praga, Florencia, Cartagena de Indias, Huelva y Sevilla donde adem\u00e1s forma parte del elenco escogido para el concierto en memoria a <a href=\"http:\/\/www.pacodelucia.org\/\">Paco de Lucia<\/a>al lado de figuras como\u00a0<a href=\"http:\/\/www.rafael-riqueni.com\/\">Rafael Riqueni<\/a>,\u00a0<a href=\"http:\/\/pedrosierra2.webnode.es\/\">Pedro Sierra<\/a>\u00a0o\u00a0<a href=\"http:\/\/www.labienal.com\/en\/programa\/manolo-franco-2\/\">Manolo Franco<\/a>. La cr\u00edtica le ha extendido su admiraci\u00f3n destacando su particular capacidad para interpretar y componer gran variedad de estilos con total dominio.<\/p><p>Specialized press highlights his outstanding qualities to include such a variety of musical styles in his repertoire with total mastery and virtuosity, A &#8220;guitar concert&#8221; is a very different experience for the audience when he has him on stage.<\/p><p>In september 2021 publishes his new cd &#8220;Confluencia&#8221; his second solo album.<\/p>\t\t\t\t\t\t<\/div>\n\t\t\t\t<\/div>\n\t\t\t\t\t<\/div>\n\t\t<\/div>\n\t\t\t\t\t<\/div>\n\t\t<\/section>\n\t\t\t\t<section class=\"elementor-section elementor-top-section elementor-element elementor-element-36408c3 elementor-section-stretched elementor-section-boxed elementor-section-height-default elementor-section-height-default\" data-id=\"36408c3\" data-element_type=\"section\" data-settings=\"{&quot;stretch_section&quot;:&quot;section-stretched&quot;}\">\n\t\t\t\t\t\t<div class=\"elementor-container elementor-column-gap-default\">\n\t\t\t\t\t<div class=\"aux-parallax-section elementor-column elementor-col-100 elementor-top-column elementor-element elementor-element-61e25db\" data-id=\"61e25db\" data-element_type=\"column\">\n\t\t\t<div class=\"elementor-widget-wrap elementor-element-populated\">\n\t\t\t\t\t\t<div class=\"elementor-element elementor-element-f0d4193 elementor-blockquote--skin-quotation elementor-blockquote--align-center aux-appear-watch-animation aux-fade-in-up elementor-blockquote--button-color-official elementor-widget elementor-widget-blockquote\" data-id=\"f0d4193\" data-element_type=\"widget\" data-widget_type=\"blockquote.default\">\n\t\t\t\t<div class=\"elementor-widget-container\">\n\t\t\t\t\t<blockquote class=\"elementor-blockquote\">\n\t\t\t<p class=\"elementor-blockquote__content\">\n\t\t\t\t\"Montero conf\u00eda en su imaginaci\u00f3n y en la variedad de su toque, quit\u00e1ndole la famosa etiqueta de \u201cherm\u00e9tico\u201d para ponerle la de \u201cpersonalidad\u201d. La b\u00fasqueda del artista va m\u00e1s all\u00e1 de repetir cansinamente los estereotipos establecidos en la guitarra flamenca para tintar su trabajo con creatividad.\"\u00a0\t\t\t<\/p>\n\t\t\t\t\t<\/blockquote>\n\t\t\t\t<\/div>\n\t\t\t\t<\/div>\n\t\t\t\t<div class=\"elementor-element elementor-element-aa8be87 elementor-blockquote--skin-quotation elementor-blockquote--align-center aux-appear-watch-animation aux-fade-in-up elementor-blockquote--button-color-official elementor-widget elementor-widget-blockquote\" data-id=\"aa8be87\" data-element_type=\"widget\" data-widget_type=\"blockquote.default\">\n\t\t\t\t<div class=\"elementor-widget-container\">\n\t\t\t\t\t<blockquote class=\"elementor-blockquote\">\n\t\t\t<p class=\"elementor-blockquote__content\">\n\t\t\t\t\"En Manuel Montero encontramos flamenco, elegancia, limpieza y un gran dominio de la guitarra cl\u00e1sica espa\u00f1ola, este tocaor largo (largu\u00edsimo si se me permite la expresi\u00f3n, pues abarca desde lo jondo hasta el jazz, pasando por Albeniz, la m\u00fasica latinoamericana, m\u00fasica electr\u00f3nica, m\u00fasica cl\u00e1sica, world music) tiene un sentir muy personal que imprime en todos sus temas, puede codearse con los Riqueni, Vicente Amigo, Sanl\u00facar y, aunque ser\u00eda una blasfemia compararlo con el maestro Paco de Luc\u00eda, sus influencias son indudables, especialmente en la rapidez y la elegancia\"\n\t\t\t<\/p>\n\t\t\t\t\t<\/blockquote>\n\t\t\t\t<\/div>\n\t\t\t\t<\/div>\n\t\t\t\t<div class=\"elementor-element elementor-element-6b0d334 elementor-blockquote--skin-quotation elementor-blockquote--align-center aux-appear-watch-animation aux-fade-in-up elementor-blockquote--button-color-official elementor-widget elementor-widget-blockquote\" data-id=\"6b0d334\" data-element_type=\"widget\" data-widget_type=\"blockquote.default\">\n\t\t\t\t<div class=\"elementor-widget-container\">\n\t\t\t\t\t<blockquote class=\"elementor-blockquote\">\n\t\t\t<p class=\"elementor-blockquote__content\">\n\t\t\t\t\"Artistas como Montero tienen una comprensi\u00f3n universal de la m\u00fasica, donde las expresiones del mundo se debaten, confrontan y exponen saliendo de su guitarra en elegantes acordes con pasi\u00f3n simult\u00e1nea, simplemente \u00fanico\"\t\t\t<\/p>\n\t\t\t\t\t\t\t<div class=\"e-q-footer\">\n\t\t\t\t\t\t\t\t\t\t\t<cite class=\"elementor-blockquote__author\">Galaxia Flamenca y Jondo Web<\/cite>\n\t\t\t\t\t\t\t\t\t\t\t\t\t\t<\/div>\n\t\t\t\t\t<\/blockquote>\n\t\t\t\t<\/div>\n\t\t\t\t<\/div>\n\t\t\t\t<div class=\"elementor-element elementor-element-3be11cd aux-appear-watch-animation aux-fade-in-up elementor-widget elementor-widget-text-editor\" data-id=\"3be11cd\" data-element_type=\"widget\" data-widget_type=\"text-editor.default\">\n\t\t\t\t<div class=\"elementor-widget-container\">\n\t\t\t\t\t\t\t<p>Desde hace 3 a\u00f1os forma parte de la banda de Jos\u00e9 Antonio Rodr\u00edguez, uno de los artistas flamencos m\u00e1s importantes, estrenando en el \u201cFestival de la Guitarra de C\u00f3rdoba\u201d, considerado el festival de guitarra m\u00e1s importante del mundo, para seguir actuando en muchos de los mayores festivales y teatros del mundo.<\/p><p><br \/><em>\"Su gusto est\u00e9tico es muy amplio, le lleva a interpretar-componer diferentes piezas que al principio pudieran no tener relaci\u00f3n, pero que en \u00e9l son parte de un sentimiento musical globalizado. En este nuevo trabajo \u201cSOLO\u201d\u00a0podemos escuchar todo el mundo que a Manuel le interesa. M\u00fasica con may\u00fasculas\u2026 desde flamenco, cl\u00e1sico, jazz con influencias andaluzas y rescatando compositores como Enrico Panza o Jos\u00e9 Mora, que le aportan redondez a su propuesta. Un disco para disfrutar de la m\u00fasica sin etiquetas, solo a trav\u00e9s del gusto\u201d.\u00a0<\/em><a href=\"http:\/\/www.joseantoniorodriguez.es\/\"><strong><em>Jos\u00e9 Antonio Rodr\u00edguez<\/em><\/strong><\/a><strong><em>.\u00a0<\/em><\/strong><br \/><br \/><em>\"De una alta creatividad e imaginaci\u00f3n, presenta un fluido eclecticismo que abarca con virtuosismo y valor no solo el flamenco moderno, sino tambi\u00e9n la guitarra cl\u00e1sica y la guitarra latinoamericana, demostrando un alcance impresionante\".<\/em><a href=\"http:\/\/www.strunzandfarah.com\/\"><strong><em>Jorge Strunz<\/em><\/strong><\/a><strong><em>.<\/em><\/strong><br \/><br \/><em>\u201cCuando escucho un disco de guitarra obviamente quiero saber por d\u00f3nde quiere caminar el artista que lo firma, de por s\u00ed, grabar un \u00e1lbum de guitarra y como medio usar la guitarra espa\u00f1ola es ya un verdadero reto por su singularidad. \u00a0Su particularidad es que la t\u00e9cnica debe ser cuasi perfecta para ejecutar todas las t\u00e9cnicas, arpegios, pulgar, picados, etc., ahora bien despu\u00e9s de transmitir armon\u00edas que emocionen y lleguen al coraz\u00f3n, en esta entrega del artista costarricense Manuel Montero, veo como cumple con el objetivo marcado, pues ha sabido conjugar distintas disciplinas musicales con \u00e9xito, nos entrega dentro de este \u00e1lbum pasajes de guitarra cl\u00e1sica como \u201cAsturias\u201d, \u201cRecuerdos de la Alhambra\u201d, o aspectos flamencos e interpretados en forma de palos, como \u201cAlegr\u00edas\u201d, \u201cbuler\u00edas\u201d y tambi\u00e9n alg\u00fan apunte de Flamenco-Jazz-Lat\u00edn. Espero que Manuel encuentre un hueco en el circuito de la Guitarra mundial y por esa raz\u00f3n le auguro muchos \u00e9xitos\u201d. <\/em><a href=\"http:\/\/pedrosierra2.webnode.es\/\"><strong><em>Pedro Sierra<\/em><\/strong><\/a><em>, guitarrista, concertista, productor y flamenco.<\/em>\u00a0<\/p>\t\t\t\t\t\t<\/div>\n\t\t\t\t<\/div>\n\t\t\t\t\t<\/div>\n\t\t<\/div>\n\t\t\t\t\t<\/div>\n\t\t<\/section>\n\t\t\t\t<section class=\"elementor-section elementor-top-section elementor-element elementor-element-d2355ed elementor-section-full_width elementor-section-stretched elementor-section-height-default elementor-section-height-default\" data-id=\"d2355ed\" data-element_type=\"section\" data-settings=\"{&quot;background_background&quot;:&quot;classic&quot;,&quot;stretch_section&quot;:&quot;section-stretched&quot;}\">\n\t\t\t\t\t\t<div class=\"elementor-container elementor-column-gap-no\">\n\t\t\t\t\t<div class=\"aux-parallax-section elementor-column elementor-col-100 elementor-top-column elementor-element elementor-element-9468af9\" data-id=\"9468af9\" data-element_type=\"column\">\n\t\t\t<div class=\"elementor-widget-wrap elementor-element-populated\">\n\t\t\t\t\t\t<div class=\"elementor-element elementor-element-87cee39 elementor-widget elementor-widget-image\" data-id=\"87cee39\" data-element_type=\"widget\" data-widget_type=\"image.default\">\n\t\t\t\t<div class=\"elementor-widget-container\">\n\t\t\t\t\t\t\t\t\t\t\t\t\t<img decoding=\"async\" width=\"1024\" height=\"350\" src=\"https:\/\/www.manuel-montero.com\/wp-content\/uploads\/2021\/07\/Bio-Footer-1-1024x350.png\" class=\"attachment-large size-large wp-image-262\" alt=\"\" \/>\t\t\t\t\t\t\t\t\t\t\t\t\t<\/div>\n\t\t\t\t<\/div>\n\t\t\t\t\t<\/div>\n\t\t<\/div>\n\t\t\t\t\t<\/div>\n\t\t<\/section>\n\t\t\t\t<\/div>","protected":false},"excerpt":{"rendered":"<p>Biography Professional flamenco and classical guitarist, his work as a musical director, composer, and arranger have led him to perform in diverse projects ranging from flamenco, in its variety of expressions, to Latin American music, electronic music, classical music, world music, and jazz among others. He has been recognized with several awards as a guitarist [&hellip;]<\/p>\n","protected":false},"author":1,"featured_media":0,"parent":0,"menu_order":0,"comment_status":"closed","ping_status":"closed","template":"","meta":{"pmpro_default_level":"","footnotes":""},"class_list":["post-258","page","type-page","status-publish","hentry","pmpro-has-access"],"_links":{"self":[{"href":"https:\/\/www.manuel-montero.com\/es\/wp-json\/wp\/v2\/pages\/258","targetHints":{"allow":["GET"]}}],"collection":[{"href":"https:\/\/www.manuel-montero.com\/es\/wp-json\/wp\/v2\/pages"}],"about":[{"href":"https:\/\/www.manuel-montero.com\/es\/wp-json\/wp\/v2\/types\/page"}],"author":[{"embeddable":true,"href":"https:\/\/www.manuel-montero.com\/es\/wp-json\/wp\/v2\/users\/1"}],"replies":[{"embeddable":true,"href":"https:\/\/www.manuel-montero.com\/es\/wp-json\/wp\/v2\/comments?post=258"}],"version-history":[{"count":10,"href":"https:\/\/www.manuel-montero.com\/es\/wp-json\/wp\/v2\/pages\/258\/revisions"}],"predecessor-version":[{"id":1320,"href":"https:\/\/www.manuel-montero.com\/es\/wp-json\/wp\/v2\/pages\/258\/revisions\/1320"}],"wp:attachment":[{"href":"https:\/\/www.manuel-montero.com\/es\/wp-json\/wp\/v2\/media?parent=258"}],"curies":[{"name":"wp","href":"https:\/\/api.w.org\/{rel}","templated":true}]}}